{"id":8719,"date":"2025-05-11T19:58:38","date_gmt":"2025-05-11T19:58:38","guid":{"rendered":"https:\/\/dev.mediadome.at\/grebenzen\/?page_id=8719"},"modified":"2025-07-21T06:07:48","modified_gmt":"2025-07-21T06:07:48","slug":"barrierefreiheit","status":"publish","type":"page","link":"https:\/\/grebenzen.at\/nl\/service\/barrierefreiheit\/","title":{"rendered":"Toegankelijkheid"},"content":{"rendered":"<div data-elementor-type=\"wp-page\" data-elementor-id=\"8719\" class=\"elementor elementor-8719\" data-elementor-post-type=\"page\">\n\t\t\t\t\t\t<section data-particle_enable=\"false\" data-particle-mobile-disabled=\"false\" class=\"elementor-section elementor-top-section elementor-element elementor-element-4d3f08d elementor-section-stretched elementor-section-height-min-height elementor-section-items-bottom elementor-section-boxed elementor-section-height-default\" data-id=\"4d3f08d\" data-element_type=\"section\" data-e-type=\"section\" data-settings=\"{&quot;stretch_section&quot;:&quot;section-stretched&quot;,&quot;background_background&quot;:&quot;classic&quot;}\">\n\t\t\t\t\t\t\t<div class=\"elementor-background-overlay\"><\/div>\n\t\t\t\t\t\t\t<div class=\"elementor-container elementor-column-gap-no\">\n\t\t\t\t\t<div class=\"elementor-column elementor-col-100 elementor-top-column elementor-element elementor-element-79b9316 elementor-invisible\" data-id=\"79b9316\" data-element_type=\"column\" data-e-type=\"column\" data-settings=\"{&quot;animation&quot;:&quot;slideInUp&quot;}\">\n\t\t\t<div class=\"elementor-widget-wrap elementor-element-populated\">\n\t\t\t\t\t\t<div class=\"elementor-element elementor-element-5734eac elementor-widget elementor-widget-heading\" data-id=\"5734eac\" data-element_type=\"widget\" data-e-type=\"widget\" data-widget_type=\"heading.default\">\n\t\t\t\t<div class=\"elementor-widget-container\">\n\t\t\t\t\t<h1 class=\"elementor-heading-title elementor-size-default\">Toegankelijkheid<\/h1>\t\t\t\t<\/div>\n\t\t\t\t<\/div>\n\t\t\t\t\t<\/div>\n\t\t<\/div>\n\t\t\t\t\t<\/div>\n\t\t<\/section>\n\t\t\t\t<section data-particle_enable=\"false\" data-particle-mobile-disabled=\"false\" class=\"elementor-section elementor-top-section elementor-element elementor-element-3f83571 elementor-section-stretched elementor-section-boxed elementor-section-height-default elementor-section-height-default\" data-id=\"3f83571\" data-element_type=\"section\" data-e-type=\"section\" data-settings=\"{&quot;stretch_section&quot;:&quot;section-stretched&quot;,&quot;background_background&quot;:&quot;classic&quot;}\">\n\t\t\t\t\t\t<div class=\"elementor-container elementor-column-gap-narrow\">\n\t\t\t\t\t<div class=\"elementor-column elementor-col-100 elementor-top-column elementor-element elementor-element-4d14151\" data-id=\"4d14151\" data-element_type=\"column\" data-e-type=\"column\">\n\t\t\t<div class=\"elementor-widget-wrap elementor-element-populated\">\n\t\t\t\t\t\t<div class=\"elementor-element elementor-element-50f3e04 elementor-widget elementor-widget-heading\" data-id=\"50f3e04\" data-element_type=\"widget\" data-e-type=\"widget\" data-widget_type=\"heading.default\">\n\t\t\t\t<div class=\"elementor-widget-container\">\n\t\t\t\t\t<h1 class=\"elementor-heading-title elementor-size-xxl\">Toegankelijke panoramatrein in St. Lambrecht<\/h1>\t\t\t\t<\/div>\n\t\t\t\t<\/div>\n\t\t\t\t<div class=\"elementor-element elementor-element-1ead140 elementor-widget elementor-widget-heading\" data-id=\"1ead140\" data-element_type=\"widget\" data-e-type=\"widget\" data-widget_type=\"heading.default\">\n\t\t\t\t<div class=\"elementor-widget-container\">\n\t\t\t\t\t<h1 class=\"elementor-heading-title elementor-size-xxl\">Met rolstoel en kinderwagen omhoog naar de GrebenzenH\u00f6hen<\/h1>\t\t\t\t<\/div>\n\t\t\t\t<\/div>\n\t\t\t\t<div class=\"elementor-element elementor-element-b906dfe elementor-widget elementor-widget-text-editor\" data-id=\"b906dfe\" data-element_type=\"widget\" data-e-type=\"widget\" data-widget_type=\"text-editor.default\">\n\t\t\t\t<div class=\"elementor-widget-container\">\n\t\t\t\t\t\t\t\t\t<p>We zijn blij jullie te mogen verwelkomen met de nieuwe panoramatrein <strong>rolstoeltoegankelijk de bergen in<\/strong> te brengen! <strong>Kinderwagens en rolstoelen rollen rolstoeltoegankelijk de gondelcabine in<\/strong>Boven aangekomen bereiken jullie met kinderwagen en rolstoel het <strong>Grebenzenhaus voor een gezellige pauze,<\/strong> in de winter, mits de piste hard genoeg is voor je rolstoel (ca. 120 m loopafstand).<\/p><p><strong>Toegankelijk toilet: bij het dalstation,<\/strong> In de winter ook in het restaurant Grebenzenblick bij het dalstation. Helaas is er geen toegankelijk toilet in het Grebenzenhaus boven op de berg!<\/p>\t\t\t\t\t\t\t\t<\/div>\n\t\t\t\t<\/div>\n\t\t\t\t\t<\/div>\n\t\t<\/div>\n\t\t\t\t\t<\/div>\n\t\t<\/section>\n\t\t\t\t<section data-particle_enable=\"false\" data-particle-mobile-disabled=\"false\" class=\"elementor-section elementor-top-section elementor-element elementor-element-e862c1c elementor-section-height-min-height elementor-section-stretched elementor-section-boxed elementor-section-height-default elementor-section-items-middle\" data-id=\"e862c1c\" data-element_type=\"section\" data-e-type=\"section\" data-settings=\"{&quot;stretch_section&quot;:&quot;section-stretched&quot;,&quot;background_background&quot;:&quot;classic&quot;}\">\n\t\t\t\t\t\t\t<div class=\"elementor-background-overlay\"><\/div>\n\t\t\t\t\t\t\t<div class=\"elementor-container elementor-column-gap-custom\">\n\t\t\t\t\t<div class=\"elementor-column elementor-col-50 elementor-top-column elementor-element elementor-element-7ad696b elementor-invisible\" data-id=\"7ad696b\" data-element_type=\"column\" data-e-type=\"column\" data-settings=\"{&quot;background_background&quot;:&quot;classic&quot;,&quot;animation&quot;:&quot;slideInLeft&quot;}\">\n\t\t\t<div class=\"elementor-widget-wrap elementor-element-populated\">\n\t\t\t\t\t\t<div class=\"elementor-element elementor-element-a906947 elementor-widget elementor-widget-image\" data-id=\"a906947\" data-element_type=\"widget\" data-e-type=\"widget\" data-widget_type=\"image.default\">\n\t\t\t\t<div class=\"elementor-widget-container\">\n\t\t\t\t\t\t\t\t\t\t\t\t\t\t\t<img fetchpriority=\"high\" decoding=\"async\" width=\"2048\" height=\"1365\" src=\"https:\/\/grebenzen.at\/wp-content\/uploads\/2025\/04\/Grebenzen_Sommer_c-Tourismusverband-Murau-Tom-Lamm-26-2048x1365.jpg\" class=\"attachment-2048x2048 size-2048x2048 wp-image-7882\" alt=\"\" srcset=\"https:\/\/grebenzen.at\/wp-content\/uploads\/2025\/04\/Grebenzen_Sommer_c-Tourismusverband-Murau-Tom-Lamm-26-2048x1365.jpg 2048w, https:\/\/grebenzen.at\/wp-content\/uploads\/2025\/04\/Grebenzen_Sommer_c-Tourismusverband-Murau-Tom-Lamm-26-300x200.jpg 300w, https:\/\/grebenzen.at\/wp-content\/uploads\/2025\/04\/Grebenzen_Sommer_c-Tourismusverband-Murau-Tom-Lamm-26-1000x667.jpg 1000w, https:\/\/grebenzen.at\/wp-content\/uploads\/2025\/04\/Grebenzen_Sommer_c-Tourismusverband-Murau-Tom-Lamm-26-150x100.jpg 150w, https:\/\/grebenzen.at\/wp-content\/uploads\/2025\/04\/Grebenzen_Sommer_c-Tourismusverband-Murau-Tom-Lamm-26-768x512.jpg 768w, https:\/\/grebenzen.at\/wp-content\/uploads\/2025\/04\/Grebenzen_Sommer_c-Tourismusverband-Murau-Tom-Lamm-26-1536x1024.jpg 1536w, https:\/\/grebenzen.at\/wp-content\/uploads\/2025\/04\/Grebenzen_Sommer_c-Tourismusverband-Murau-Tom-Lamm-26-18x12.jpg 18w\" sizes=\"(max-width: 2048px) 100vw, 2048px\" \/>\t\t\t\t\t\t\t\t\t\t\t\t\t\t\t<\/div>\n\t\t\t\t<\/div>\n\t\t\t\t<div class=\"elementor-element elementor-element-22eebbe elementor-widget elementor-widget-heading\" data-id=\"22eebbe\" data-element_type=\"widget\" data-e-type=\"widget\" data-widget_type=\"heading.default\">\n\t\t\t\t<div class=\"elementor-widget-container\">\n\t\t\t\t\t<h1 class=\"elementor-heading-title elementor-size-xxl\">kinderwagenvriendelijke wandelpaden\n\n<\/h1>\t\t\t\t<\/div>\n\t\t\t\t<\/div>\n\t\t\t\t<div class=\"elementor-element elementor-element-66407dd elementor-widget elementor-widget-text-editor\" data-id=\"66407dd\" data-element_type=\"widget\" data-e-type=\"widget\" data-widget_type=\"text-editor.default\">\n\t\t\t\t<div class=\"elementor-widget-container\">\n\t\t\t\t\t\t\t\t\t<p>Vanaf de <strong>bergstation<\/strong> en vanaf de <strong>Grebenzenhaus<\/strong> vanaf hier bereiken jullie ook met de kinderwagen de <strong>Fotopoints.<\/strong> Zo kunnen jullie bij bijzonder mooie uitzichtpunten <strong>familiefoto\u2019s<\/strong> maken. Kennen jullie dat, als je de kleintjes jaar na jaar <strong>op precies dezelfde plek<\/strong> gefotografeerd om vast te leggen hoe ze groeien? Daar zijn de fotopunten perfect voor!<\/p>\t\t\t\t\t\t\t\t<\/div>\n\t\t\t\t<\/div>\n\t\t\t\t\t<\/div>\n\t\t<\/div>\n\t\t\t\t<div class=\"elementor-column elementor-col-50 elementor-top-column elementor-element elementor-element-a31f72c elementor-invisible\" data-id=\"a31f72c\" data-element_type=\"column\" data-e-type=\"column\" data-settings=\"{&quot;background_background&quot;:&quot;classic&quot;,&quot;animation&quot;:&quot;slideInRight&quot;}\">\n\t\t\t<div class=\"elementor-widget-wrap elementor-element-populated\">\n\t\t\t\t\t\t<div class=\"elementor-element elementor-element-6d32df5 elementor-widget elementor-widget-image\" data-id=\"6d32df5\" data-element_type=\"widget\" data-e-type=\"widget\" data-widget_type=\"image.default\">\n\t\t\t\t<div class=\"elementor-widget-container\">\n\t\t\t\t\t\t\t\t\t\t\t\t\t\t\t<img decoding=\"async\" width=\"2048\" height=\"1366\" src=\"https:\/\/grebenzen.at\/wp-content\/uploads\/2020\/03\/1W8A8428-2048x1366.jpg\" class=\"attachment-2048x2048 size-2048x2048 wp-image-7939\" alt=\"\" srcset=\"https:\/\/grebenzen.at\/wp-content\/uploads\/2020\/03\/1W8A8428-2048x1366.jpg 2048w, https:\/\/grebenzen.at\/wp-content\/uploads\/2020\/03\/1W8A8428-300x200.jpg 300w, https:\/\/grebenzen.at\/wp-content\/uploads\/2020\/03\/1W8A8428-1000x667.jpg 1000w, https:\/\/grebenzen.at\/wp-content\/uploads\/2020\/03\/1W8A8428-150x100.jpg 150w, https:\/\/grebenzen.at\/wp-content\/uploads\/2020\/03\/1W8A8428-768x512.jpg 768w, https:\/\/grebenzen.at\/wp-content\/uploads\/2020\/03\/1W8A8428-1536x1024.jpg 1536w, https:\/\/grebenzen.at\/wp-content\/uploads\/2020\/03\/1W8A8428-18x12.jpg 18w\" sizes=\"(max-width: 2048px) 100vw, 2048px\" \/>\t\t\t\t\t\t\t\t\t\t\t\t\t\t\t<\/div>\n\t\t\t\t<\/div>\n\t\t\t\t<div class=\"elementor-element elementor-element-9b8cfea elementor-widget elementor-widget-heading\" data-id=\"9b8cfea\" data-element_type=\"widget\" data-e-type=\"widget\" data-widget_type=\"heading.default\">\n\t\t\t\t<div class=\"elementor-widget-container\">\n\t\t\t\t\t<h1 class=\"elementor-heading-title elementor-size-xxl\">Gewoon in de gondel<br><br><\/h1>\t\t\t\t<\/div>\n\t\t\t\t<\/div>\n\t\t\t\t<div class=\"elementor-element elementor-element-1f7603d elementor-widget elementor-widget-text-editor\" data-id=\"1f7603d\" data-element_type=\"widget\" data-e-type=\"widget\" data-widget_type=\"text-editor.default\">\n\t\t\t\t<div class=\"elementor-widget-container\">\n\t\t\t\t\t\t\t\t\t<p><strong>Met kinderwagen of rolstoel<\/strong> stappen jullie in <strong>rolstoeltoegankelijk en gehandicaptenvriendelijk<\/strong> in de gondel. De banken in de gondel kunnen worden opgeklapt zodat jullie meer ruimte hebben. We wensen jullie een vrolijke tijd en hopen dat jullie je boven op de berg prettig voelen. <strong>nieuwe energie opdoet!<br \/><\/strong><\/p>\t\t\t\t\t\t\t\t<\/div>\n\t\t\t\t<\/div>\n\t\t\t\t\t<\/div>\n\t\t<\/div>\n\t\t\t\t\t<\/div>\n\t\t<\/section>\n\t\t\t\t<section data-particle_enable=\"false\" data-particle-mobile-disabled=\"false\" class=\"elementor-section elementor-top-section elementor-element elementor-element-7819429 elementor-section-full_width elementor-section-height-default elementor-section-height-default\" data-id=\"7819429\" data-element_type=\"section\" data-e-type=\"section\">\n\t\t\t\t\t\t<div class=\"elementor-container elementor-column-gap-default\">\n\t\t\t<a class=\"eael-wrapper-link-0ea2230 --eael-wrapper-link-tag\" href=\"https:\/\/grebenzen.at\/nl\/gondelfruehstueck\/infos-tickets\/\"><\/a>\t\t<div data-eael-wrapper-link=\"eael-wrapper-link-0ea2230\" class=\"elementor-column elementor-col-33 elementor-top-column elementor-element elementor-element-0ea2230\" data-id=\"0ea2230\" data-element_type=\"column\" data-e-type=\"column\" data-settings=\"{&quot;background_background&quot;:&quot;classic&quot;,&quot;motion_fx_motion_fx_mouse&quot;:&quot;yes&quot;}\">\n\t\t\t<div class=\"elementor-widget-wrap elementor-element-populated\">\n\t\t\t\t\t<div class=\"elementor-background-overlay\"><\/div>\n\t\t\t\t\t\t<div class=\"elementor-element elementor-element-b6adaf8 elementor-widget elementor-widget-heading\" data-id=\"b6adaf8\" data-element_type=\"widget\" data-e-type=\"widget\" data-widget_type=\"heading.default\">\n\t\t\t\t<div class=\"elementor-widget-container\">\n\t\t\t\t\t<h3 class=\"elementor-heading-title elementor-size-default\">Kabelbaan-informatie <br>en zomertickets<\/h3>\t\t\t\t<\/div>\n\t\t\t\t<\/div>\n\t\t\t\t<div class=\"elementor-element elementor-element-fb5dc88 elementor-widget elementor-widget-button\" data-id=\"fb5dc88\" data-element_type=\"widget\" data-e-type=\"widget\" data-widget_type=\"button.default\">\n\t\t\t\t<div class=\"elementor-widget-container\">\n\t\t\t\t\t\t\t\t\t<div class=\"elementor-button-wrapper\">\n\t\t\t\t\t<a class=\"elementor-button elementor-button-link elementor-size-sm\" href=\"https:\/\/grebenzen.at\/nl\/sommer\/infos-tickets\/\">\n\t\t\t\t\t\t<span class=\"elementor-button-content-wrapper\">\n\t\t\t\t\t\t\t\t\t<span class=\"elementor-button-text\">Meer informatie<\/span>\n\t\t\t\t\t<\/span>\n\t\t\t\t\t<\/a>\n\t\t\t\t<\/div>\n\t\t\t\t\t\t\t\t<\/div>\n\t\t\t\t<\/div>\n\t\t\t\t\t<\/div>\n\t\t<\/div>\n\t\t<a class=\"eael-wrapper-link-9ebd25a --eael-wrapper-link-tag\" href=\"https:\/\/grebenzen.at\/nl\/gondelfruehstueck\/familienhighlights\/\"><\/a>\t\t<div data-eael-wrapper-link=\"eael-wrapper-link-9ebd25a\" class=\"elementor-column elementor-col-33 elementor-top-column elementor-element elementor-element-9ebd25a\" data-id=\"9ebd25a\" data-element_type=\"column\" data-e-type=\"column\" data-settings=\"{&quot;background_background&quot;:&quot;classic&quot;,&quot;motion_fx_motion_fx_mouse&quot;:&quot;yes&quot;}\">\n\t\t\t<div class=\"elementor-widget-wrap elementor-element-populated\">\n\t\t\t\t\t<div class=\"elementor-background-overlay\"><\/div>\n\t\t\t\t\t\t<div class=\"elementor-element elementor-element-1f9bfaf elementor-widget elementor-widget-heading\" data-id=\"1f9bfaf\" data-element_type=\"widget\" data-e-type=\"widget\" data-widget_type=\"heading.default\">\n\t\t\t\t<div class=\"elementor-widget-container\">\n\t\t\t\t\t<h3 class=\"elementor-heading-title elementor-size-default\">Familietoppers<br>op de GrebenzenH\u00f6hen<\/h3>\t\t\t\t<\/div>\n\t\t\t\t<\/div>\n\t\t\t\t<div class=\"elementor-element elementor-element-a74e904 elementor-widget elementor-widget-button\" data-id=\"a74e904\" data-element_type=\"widget\" data-e-type=\"widget\" data-widget_type=\"button.default\">\n\t\t\t\t<div class=\"elementor-widget-container\">\n\t\t\t\t\t\t\t\t\t<div class=\"elementor-button-wrapper\">\n\t\t\t\t\t<a class=\"elementor-button elementor-button-link elementor-size-sm\" href=\"https:\/\/grebenzen.at\/nl\/sommer\/familienhighlights\/\">\n\t\t\t\t\t\t<span class=\"elementor-button-content-wrapper\">\n\t\t\t\t\t\t\t\t\t<span class=\"elementor-button-text\">Ontdek hier<\/span>\n\t\t\t\t\t<\/span>\n\t\t\t\t\t<\/a>\n\t\t\t\t<\/div>\n\t\t\t\t\t\t\t\t<\/div>\n\t\t\t\t<\/div>\n\t\t\t\t\t<\/div>\n\t\t<\/div>\n\t\t<a class=\"eael-wrapper-link-e8f030a --eael-wrapper-link-tag\" href=\"https:\/\/grebenzen.at\/nl\/webcams\/\"><\/a>\t\t<div data-eael-wrapper-link=\"eael-wrapper-link-e8f030a\" class=\"elementor-column elementor-col-33 elementor-top-column elementor-element elementor-element-e8f030a\" data-id=\"e8f030a\" data-element_type=\"column\" data-e-type=\"column\" data-settings=\"{&quot;background_background&quot;:&quot;classic&quot;,&quot;motion_fx_motion_fx_mouse&quot;:&quot;yes&quot;}\">\n\t\t\t<div class=\"elementor-widget-wrap elementor-element-populated\">\n\t\t\t\t\t<div class=\"elementor-background-overlay\"><\/div>\n\t\t\t\t\t\t<div class=\"elementor-element elementor-element-15630ab elementor-widget elementor-widget-heading\" data-id=\"15630ab\" data-element_type=\"widget\" data-e-type=\"widget\" data-widget_type=\"heading.default\">\n\t\t\t\t<div class=\"elementor-widget-container\">\n\t\t\t\t\t<h3 class=\"elementor-heading-title elementor-size-default\">Webcams von den GrebenzenH\u00f6hen<\/h3>\t\t\t\t<\/div>\n\t\t\t\t<\/div>\n\t\t\t\t<div class=\"elementor-element elementor-element-e887182 elementor-widget elementor-widget-button\" data-id=\"e887182\" data-element_type=\"widget\" data-e-type=\"widget\" data-widget_type=\"button.default\">\n\t\t\t\t<div class=\"elementor-widget-container\">\n\t\t\t\t\t\t\t\t\t<div class=\"elementor-button-wrapper\">\n\t\t\t\t\t<a class=\"elementor-button elementor-button-link elementor-size-sm\" href=\"https:\/\/grebenzen.at\/nl\/webcams\/\">\n\t\t\t\t\t\t<span class=\"elementor-button-content-wrapper\">\n\t\t\t\t\t\t\t\t\t<span class=\"elementor-button-text\">Hier langs<\/span>\n\t\t\t\t\t<\/span>\n\t\t\t\t\t<\/a>\n\t\t\t\t<\/div>\n\t\t\t\t\t\t\t\t<\/div>\n\t\t\t\t<\/div>\n\t\t\t\t\t<\/div>\n\t\t<\/div>\n\t\t\t\t\t<\/div>\n\t\t<\/section>\n\t\t\t\t<section data-particle_enable=\"false\" data-particle-mobile-disabled=\"false\" class=\"elementor-section elementor-top-section elementor-element elementor-element-b04a9f6 elementor-section-stretched elementor-section-height-min-height elementor-section-boxed elementor-section-height-default elementor-section-items-middle\" data-id=\"b04a9f6\" data-element_type=\"section\" data-e-type=\"section\" data-settings=\"{&quot;stretch_section&quot;:&quot;section-stretched&quot;,&quot;background_background&quot;:&quot;classic&quot;}\">\n\t\t\t\t\t\t<div class=\"elementor-container elementor-column-gap-no\">\n\t\t\t\t\t<div class=\"elementor-column elementor-col-100 elementor-top-column elementor-element elementor-element-f980ef9\" data-id=\"f980ef9\" data-element_type=\"column\" data-e-type=\"column\">\n\t\t\t<div class=\"elementor-widget-wrap elementor-element-populated\">\n\t\t\t\t\t\t<div class=\"elementor-element elementor-element-78969e6 elementor-widget elementor-widget-heading\" data-id=\"78969e6\" data-element_type=\"widget\" data-e-type=\"widget\" data-widget_type=\"heading.default\">\n\t\t\t\t<div class=\"elementor-widget-container\">\n\t\t\t\t\t<h1 class=\"elementor-heading-title elementor-size-xxl\">Alle GrebenzenH\u00f6hen-informatie in \u00e9\u00e9n oogopslag<\/h1>\t\t\t\t<\/div>\n\t\t\t\t<\/div>\n\t\t\t\t<div class=\"elementor-element elementor-element-d2ba84a elementor-widget elementor-widget-text-editor\" data-id=\"d2ba84a\" data-element_type=\"widget\" data-e-type=\"widget\" data-widget_type=\"text-editor.default\">\n\t\t\t\t<div class=\"elementor-widget-container\">\n\t\t\t\t\t\t\t\t\t<p>Heb je vragen? Hier vind je de antwoorden \u2013 snel gevonden, goed ge\u00efnformeerd en klaar voor je GrebenzenH\u00f6hen-avontuur!<\/p>\t\t\t\t\t\t\t\t<\/div>\n\t\t\t\t<\/div>\n\t\t\t\t<section data-particle_enable=\"false\" data-particle-mobile-disabled=\"false\" class=\"elementor-section elementor-inner-section elementor-element elementor-element-3bfe592 elementor-section-boxed elementor-section-height-default elementor-section-height-default\" data-id=\"3bfe592\" data-element_type=\"section\" data-e-type=\"section\">\n\t\t\t\t\t\t<div class=\"elementor-container elementor-column-gap-default\">\n\t\t\t\t\t<div class=\"elementor-column elementor-col-100 elementor-inner-column elementor-element elementor-element-63b74b1\" data-id=\"63b74b1\" data-element_type=\"column\" data-e-type=\"column\">\n\t\t\t<div class=\"elementor-widget-wrap elementor-element-populated\">\n\t\t\t\t\t\t<div class=\"elementor-element elementor-element-d696211 elementor-align-center elementor-widget elementor-widget-button\" data-id=\"d696211\" data-element_type=\"widget\" data-e-type=\"widget\" data-widget_type=\"button.default\">\n\t\t\t\t<div class=\"elementor-widget-container\">\n\t\t\t\t\t\t\t\t\t<div class=\"elementor-button-wrapper\">\n\t\t\t\t\t<a class=\"elementor-button elementor-button-link elementor-size-sm\" href=\"https:\/\/grebenzen.at\/nl\/faqs\/\">\n\t\t\t\t\t\t<span class=\"elementor-button-content-wrapper\">\n\t\t\t\t\t\t\t\t\t<span class=\"elementor-button-text\">Naar de FAQ<\/span>\n\t\t\t\t\t<\/span>\n\t\t\t\t\t<\/a>\n\t\t\t\t<\/div>\n\t\t\t\t\t\t\t\t<\/div>\n\t\t\t\t<\/div>\n\t\t\t\t\t<\/div>\n\t\t<\/div>\n\t\t\t\t\t<\/div>\n\t\t<\/section>\n\t\t\t\t\t<\/div>\n\t\t<\/div>\n\t\t\t\t\t<\/div>\n\t\t<\/section>\n\t\t\t\t<\/div>","protected":false},"excerpt":{"rendered":"<p>Barrierefreiheit Barrierefreie Panoramabahn in St. Lambrecht Mit Rollstuhl und Kinderwagen auf die GrebenzenH\u00f6hen Wir sind gl\u00fccklich, euch mit der neuen Panoramabahn barrierefrei in die Berge zu bringen! Kinderwagen und Rollst\u00fchle rollen barrierefrei in die Gondelkabine. Oben angekommen, erreicht ihr mit Kinderwagen und Rollstuhl das Grebenzenhaus f\u00fcr eine gem\u00fctliche Einkehr, im Winter, sofern die Piste hart [&hellip;]<\/p>\n","protected":false},"author":1,"featured_media":0,"parent":9072,"menu_order":0,"comment_status":"closed","ping_status":"closed","template":"","meta":{"inline_featured_image":false,"footnotes":""},"class_list":["post-8719","page","type-page","status-publish","hentry"],"publishpress_future_action":{"enabled":false,"date":"2026-04-11 04:08:29","action":"change-status","newStatus":"draft","terms":[],"taxonomy":"","extraData":[]},"publishpress_future_workflow_manual_trigger":{"enabledWorkflows":[]},"_links":{"self":[{"href":"https:\/\/grebenzen.at\/nl\/wp-json\/wp\/v2\/pages\/8719","targetHints":{"allow":["GET"]}}],"collection":[{"href":"https:\/\/grebenzen.at\/nl\/wp-json\/wp\/v2\/pages"}],"about":[{"href":"https:\/\/grebenzen.at\/nl\/wp-json\/wp\/v2\/types\/page"}],"author":[{"embeddable":true,"href":"https:\/\/grebenzen.at\/nl\/wp-json\/wp\/v2\/users\/1"}],"replies":[{"embeddable":true,"href":"https:\/\/grebenzen.at\/nl\/wp-json\/wp\/v2\/comments?post=8719"}],"version-history":[{"count":13,"href":"https:\/\/grebenzen.at\/nl\/wp-json\/wp\/v2\/pages\/8719\/revisions"}],"predecessor-version":[{"id":9433,"href":"https:\/\/grebenzen.at\/nl\/wp-json\/wp\/v2\/pages\/8719\/revisions\/9433"}],"up":[{"embeddable":true,"href":"https:\/\/grebenzen.at\/nl\/wp-json\/wp\/v2\/pages\/9072"}],"wp:attachment":[{"href":"https:\/\/grebenzen.at\/nl\/wp-json\/wp\/v2\/media?parent=8719"}],"curies":[{"name":"wp","href":"https:\/\/api.w.org\/{rel}","templated":true}]}}