{"id":8688,"date":"2025-05-07T08:26:39","date_gmt":"2025-05-07T08:26:39","guid":{"rendered":"https:\/\/dev.mediadome.at\/grebenzen\/?page_id=8688"},"modified":"2025-09-10T08:15:03","modified_gmt":"2025-09-10T08:15:03","slug":"anreise-und-parken","status":"publish","type":"page","link":"https:\/\/grebenzen.at\/nl\/service\/anreise-und-parken\/","title":{"rendered":"Aankomst en parkeren"},"content":{"rendered":"<div data-elementor-type=\"wp-page\" data-elementor-id=\"8688\" class=\"elementor elementor-8688\" data-elementor-post-type=\"page\">\n\t\t\t\t\t\t<section data-particle_enable=\"false\" data-particle-mobile-disabled=\"false\" class=\"elementor-section elementor-top-section elementor-element elementor-element-4d3f08d elementor-section-stretched elementor-section-height-min-height elementor-section-items-bottom elementor-section-boxed elementor-section-height-default\" data-id=\"4d3f08d\" data-element_type=\"section\" data-e-type=\"section\" data-settings=\"{&quot;stretch_section&quot;:&quot;section-stretched&quot;,&quot;background_background&quot;:&quot;classic&quot;}\">\n\t\t\t\t\t\t\t<div class=\"elementor-background-overlay\"><\/div>\n\t\t\t\t\t\t\t<div class=\"elementor-container elementor-column-gap-no\">\n\t\t\t\t\t<div class=\"elementor-column elementor-col-100 elementor-top-column elementor-element elementor-element-79b9316 elementor-invisible\" data-id=\"79b9316\" data-element_type=\"column\" data-e-type=\"column\" data-settings=\"{&quot;animation&quot;:&quot;slideInUp&quot;}\">\n\t\t\t<div class=\"elementor-widget-wrap elementor-element-populated\">\n\t\t\t\t\t\t<div class=\"elementor-element elementor-element-5734eac elementor-widget elementor-widget-heading\" data-id=\"5734eac\" data-element_type=\"widget\" data-e-type=\"widget\" data-widget_type=\"heading.default\">\n\t\t\t\t<div class=\"elementor-widget-container\">\n\t\t\t\t\t<h1 class=\"elementor-heading-title elementor-size-default\">Aankomst &amp; Parkeren<\/h1>\t\t\t\t<\/div>\n\t\t\t\t<\/div>\n\t\t\t\t\t<\/div>\n\t\t<\/div>\n\t\t\t\t\t<\/div>\n\t\t<\/section>\n\t\t\t\t<section data-particle_enable=\"false\" data-particle-mobile-disabled=\"false\" class=\"elementor-section elementor-top-section elementor-element elementor-element-3f83571 elementor-section-stretched elementor-section-boxed elementor-section-height-default elementor-section-height-default\" data-id=\"3f83571\" data-element_type=\"section\" data-e-type=\"section\" data-settings=\"{&quot;stretch_section&quot;:&quot;section-stretched&quot;,&quot;background_background&quot;:&quot;classic&quot;}\">\n\t\t\t\t\t\t<div class=\"elementor-container elementor-column-gap-narrow\">\n\t\t\t\t\t<div class=\"elementor-column elementor-col-100 elementor-top-column elementor-element elementor-element-4d14151\" data-id=\"4d14151\" data-element_type=\"column\" data-e-type=\"column\">\n\t\t\t<div class=\"elementor-widget-wrap elementor-element-populated\">\n\t\t\t\t\t\t<div class=\"elementor-element elementor-element-50f3e04 elementor-widget elementor-widget-heading\" data-id=\"50f3e04\" data-element_type=\"widget\" data-e-type=\"widget\" data-widget_type=\"heading.default\">\n\t\t\t\t<div class=\"elementor-widget-container\">\n\t\t\t\t\t<h1 class=\"elementor-heading-title elementor-size-xxl\">Welkom in St. Lambrecht, Stiermarken<\/h1>\t\t\t\t<\/div>\n\t\t\t\t<\/div>\n\t\t\t\t<div class=\"elementor-element elementor-element-1ead140 elementor-widget elementor-widget-heading\" data-id=\"1ead140\" data-element_type=\"widget\" data-e-type=\"widget\" data-widget_type=\"heading.default\">\n\t\t\t\t<div class=\"elementor-widget-container\">\n\t\t\t\t\t<h1 class=\"elementor-heading-title elementor-size-xxl\">Jullie volgende vakantie in het natuurpark Zirbitzkogel-Grebenzen is dichtbij<\/h1>\t\t\t\t<\/div>\n\t\t\t\t<\/div>\n\t\t\t\t<div class=\"elementor-element elementor-element-b906dfe elementor-widget elementor-widget-text-editor\" data-id=\"b906dfe\" data-element_type=\"widget\" data-e-type=\"widget\" data-widget_type=\"text-editor.default\">\n\t\t\t\t<div class=\"elementor-widget-container\">\n\t\t\t\t\t\t\t\t\t<p>Jullie hebben veel geluk, want de GrebenzenH\u00f6hen zijn nog steeds <strong>een verborgen parel!<\/strong> File bij het bergliftkantoor? Nooit gezien. Stress op de parkeerplaats? Alleen tijdens hele, hele zeldzame piekmomenten. Overvolle wandelpaden en pistes? Nooit gezien! Dus, kom op <strong>ontspannen naar ons toe<\/strong> en beleef een relaxte <strong>pauze,<\/strong> of het nu voor een dag is of voor een langere <strong>vakantie.<\/strong> n ja, jullie <strong>Auto parkeren gratis bij het dalstation!<\/strong><\/p>\t\t\t\t\t\t\t\t<\/div>\n\t\t\t\t<\/div>\n\t\t\t\t\t<\/div>\n\t\t<\/div>\n\t\t\t\t\t<\/div>\n\t\t<\/section>\n\t\t\t\t<section data-particle_enable=\"false\" data-particle-mobile-disabled=\"false\" class=\"elementor-section elementor-top-section elementor-element elementor-element-ab44daf elementor-section-stretched elementor-section-boxed elementor-section-height-default elementor-section-height-default\" data-id=\"ab44daf\" data-element_type=\"section\" data-e-type=\"section\" data-settings=\"{&quot;stretch_section&quot;:&quot;section-stretched&quot;,&quot;background_background&quot;:&quot;classic&quot;}\">\n\t\t\t\t\t\t<div class=\"elementor-container elementor-column-gap-narrow\">\n\t\t\t\t\t<div class=\"elementor-column elementor-col-100 elementor-top-column elementor-element elementor-element-8073592\" data-id=\"8073592\" data-element_type=\"column\" data-e-type=\"column\">\n\t\t\t<div class=\"elementor-widget-wrap elementor-element-populated\">\n\t\t\t\t\t\t<div class=\"elementor-element elementor-element-5eb4d86 elementor-widget elementor-widget-heading\" data-id=\"5eb4d86\" data-element_type=\"widget\" data-e-type=\"widget\" data-widget_type=\"heading.default\">\n\t\t\t\t<div class=\"elementor-widget-container\">\n\t\t\t\t\t<h1 class=\"elementor-heading-title elementor-size-xxl\">De GrebenzenH\u00f6hen tussen Stiermarken en Karinthi\u00eb<\/h1>\t\t\t\t<\/div>\n\t\t\t\t<\/div>\n\t\t\t\t<div class=\"elementor-element elementor-element-80f7261 elementor-widget elementor-widget-image\" data-id=\"80f7261\" data-element_type=\"widget\" data-e-type=\"widget\" data-widget_type=\"image.default\">\n\t\t\t\t<div class=\"elementor-widget-container\">\n\t\t\t\t\t\t\t\t\t\t\t\t\t\t\t\t<a href=\"https:\/\/grebenzen.at\/index.php\/anreise\/\" target=\"_blank\">\n\t\t\t\t\t\t\t<img fetchpriority=\"high\" decoding=\"async\" width=\"4826\" height=\"2914\" src=\"https:\/\/grebenzen.at\/wp-content\/uploads\/2021\/02\/Karte-Grebenzen.png\" class=\"attachment-full size-full wp-image-3642\" alt=\"\" srcset=\"https:\/\/grebenzen.at\/wp-content\/uploads\/2021\/02\/Karte-Grebenzen.png 4826w, https:\/\/grebenzen.at\/wp-content\/uploads\/2021\/02\/Karte-Grebenzen-300x181.png 300w, https:\/\/grebenzen.at\/wp-content\/uploads\/2021\/02\/Karte-Grebenzen-1000x604.png 1000w, https:\/\/grebenzen.at\/wp-content\/uploads\/2021\/02\/Karte-Grebenzen-150x91.png 150w, https:\/\/grebenzen.at\/wp-content\/uploads\/2021\/02\/Karte-Grebenzen-768x464.png 768w, https:\/\/grebenzen.at\/wp-content\/uploads\/2021\/02\/Karte-Grebenzen-1536x927.png 1536w, https:\/\/grebenzen.at\/wp-content\/uploads\/2021\/02\/Karte-Grebenzen-2048x1237.png 2048w\" sizes=\"(max-width: 4826px) 100vw, 4826px\" \/>\t\t\t\t\t\t\t\t<\/a>\n\t\t\t\t\t\t\t\t\t\t\t\t\t\t\t<\/div>\n\t\t\t\t<\/div>\n\t\t\t\t\t<\/div>\n\t\t<\/div>\n\t\t\t\t\t<\/div>\n\t\t<\/section>\n\t\t\t\t<section data-particle_enable=\"false\" data-particle-mobile-disabled=\"false\" class=\"elementor-section elementor-top-section elementor-element elementor-element-b856e88 elementor-section-stretched elementor-section-boxed elementor-section-height-default elementor-section-height-default\" data-id=\"b856e88\" data-element_type=\"section\" data-e-type=\"section\" data-settings=\"{&quot;stretch_section&quot;:&quot;section-stretched&quot;,&quot;background_background&quot;:&quot;classic&quot;}\">\n\t\t\t\t\t\t<div class=\"elementor-container elementor-column-gap-narrow\">\n\t\t\t\t\t<div class=\"elementor-column elementor-col-100 elementor-top-column elementor-element elementor-element-2932fd8\" data-id=\"2932fd8\" data-element_type=\"column\" data-e-type=\"column\">\n\t\t\t<div class=\"elementor-widget-wrap elementor-element-populated\">\n\t\t\t\t\t\t<div class=\"elementor-element elementor-element-b843785 elementor-widget elementor-widget-heading\" data-id=\"b843785\" data-element_type=\"widget\" data-e-type=\"widget\" data-widget_type=\"heading.default\">\n\t\t\t\t<div class=\"elementor-widget-container\">\n\t\t\t\t\t<h1 class=\"elementor-heading-title elementor-size-xxl\">Aankomst met de auto<\/h1>\t\t\t\t<\/div>\n\t\t\t\t<\/div>\n\t\t\t\t<section data-particle_enable=\"false\" data-particle-mobile-disabled=\"false\" class=\"elementor-section elementor-inner-section elementor-element elementor-element-41547da elementor-section-boxed elementor-section-height-default elementor-section-height-default\" data-id=\"41547da\" data-element_type=\"section\" data-e-type=\"section\">\n\t\t\t\t\t\t<div class=\"elementor-container elementor-column-gap-default\">\n\t\t\t\t\t<div class=\"elementor-column elementor-col-50 elementor-inner-column elementor-element elementor-element-06e7c74\" data-id=\"06e7c74\" data-element_type=\"column\" data-e-type=\"column\">\n\t\t\t<div class=\"elementor-widget-wrap elementor-element-populated\">\n\t\t\t\t\t\t<div class=\"elementor-element elementor-element-7caa2f3 elementor-widget elementor-widget-text-editor\" data-id=\"7caa2f3\" data-element_type=\"widget\" data-e-type=\"widget\" data-widget_type=\"text-editor.default\">\n\t\t\t\t<div class=\"elementor-widget-container\">\n\t\t\t\t\t\t\t\t\t<p><strong>Het adres voor jullie navigatie: <br \/><\/strong>Pabstin 3, 8813 St. Lambrecht<\/p><p><strong>De co\u00f6rdinaten voor jullie navigatie: <br \/><\/strong>47.073158331703596, 14.311011587093812<\/p><p><strong>De pluscode voor jullie navigatie: <br \/><\/strong>38F6+54 St. Lambrecht<\/p><p><strong>Parkeren:<br \/><\/strong>Gratis parkeren op de parkeerplaats bij het dalstation<\/p>\t\t\t\t\t\t\t\t<\/div>\n\t\t\t\t<\/div>\n\t\t\t\t\t<\/div>\n\t\t<\/div>\n\t\t\t\t<div class=\"elementor-column elementor-col-50 elementor-inner-column elementor-element elementor-element-2d82352\" data-id=\"2d82352\" data-element_type=\"column\" data-e-type=\"column\">\n\t\t\t<div class=\"elementor-widget-wrap elementor-element-populated\">\n\t\t\t\t\t\t<div class=\"elementor-element elementor-element-6cdbfe7 elementor-widget elementor-widget-text-editor\" data-id=\"6cdbfe7\" data-element_type=\"widget\" data-e-type=\"widget\" data-widget_type=\"text-editor.default\">\n\t\t\t\t<div class=\"elementor-widget-container\">\n\t\t\t\t\t\t\t\t\t<p><strong>Komend vanuit het oosten:<\/strong>Neem de A9 naar St. Michael in Opper-Steiermark. Vervolgens via landelijke wegen zuidwestwaarts. Vanaf Teufenbach de L502 naar het dalstation.<\/p><p><strong>Komend vanuit het zuiden:<\/strong> Vanaf St. Marein in Neumarkt de B317. Vanaf Neumarkt in Stiermarken de L502 naar het dalstation.<\/p><p><strong>Komend vanuit het westen:<\/strong> Neem de A10 naar St. Michael in Lungau. Vervolgens via landelijke wegen oostwaarts. Vanaf Murau de L502 naar het dalstation.<\/p><p><strong>Komend vanuit het noorden: <\/strong>Neem de A9 naar Trieben. Vervolgens via landelijke wegen zuidwaarts. Vanaf Teufenbach de L502 naar het dalstation.<\/p>\t\t\t\t\t\t\t\t<\/div>\n\t\t\t\t<\/div>\n\t\t\t\t\t<\/div>\n\t\t<\/div>\n\t\t\t\t\t<\/div>\n\t\t<\/section>\n\t\t\t\t<div class=\"elementor-element elementor-element-fa04c0a elementor-widget elementor-widget-text-editor\" data-id=\"fa04c0a\" data-element_type=\"widget\" data-e-type=\"widget\" data-widget_type=\"text-editor.default\">\n\t\t\t\t<div class=\"elementor-widget-container\">\n\t\t\t\t\t\t\t\t\t<p><strong><br \/>Let op: <\/strong><\/p><ul><li>Op Oostenrijkse snelwegen en autosnelwegen heb je een <strong>Vignette<\/strong><\/li><li>In de winter zijn er <strong>Winterbanden<\/strong> Verplicht van 1 november tot 15 april! All-season banden zijn niet voldoende.<\/li><li>In St. Lambrecht en rondom de parkeerplaats bij het dalstation Grebenzen zijn sneeuwkettingen niet nodig. Maar misschien heb je ze wel nodig tijdens je aankomst, afhankelijk van waar je vandaan komt.<\/li><\/ul>\t\t\t\t\t\t\t\t<\/div>\n\t\t\t\t<\/div>\n\t\t\t\t\t<\/div>\n\t\t<\/div>\n\t\t\t\t\t<\/div>\n\t\t<\/section>\n\t\t\t\t<section data-particle_enable=\"false\" data-particle-mobile-disabled=\"false\" class=\"elementor-section elementor-top-section elementor-element elementor-element-65dc974 elementor-section-stretched elementor-section-boxed elementor-section-height-default elementor-section-height-default\" data-id=\"65dc974\" data-element_type=\"section\" data-e-type=\"section\" data-settings=\"{&quot;stretch_section&quot;:&quot;section-stretched&quot;,&quot;background_background&quot;:&quot;classic&quot;}\">\n\t\t\t\t\t\t<div class=\"elementor-container elementor-column-gap-narrow\">\n\t\t\t\t\t<div class=\"elementor-column elementor-col-100 elementor-top-column elementor-element elementor-element-286acf9\" data-id=\"286acf9\" data-element_type=\"column\" data-e-type=\"column\">\n\t\t\t<div class=\"elementor-widget-wrap elementor-element-populated\">\n\t\t\t\t\t\t<div class=\"elementor-element elementor-element-863a3d9 elementor-widget elementor-widget-heading\" data-id=\"863a3d9\" data-element_type=\"widget\" data-e-type=\"widget\" data-widget_type=\"heading.default\">\n\t\t\t\t<div class=\"elementor-widget-container\">\n\t\t\t\t\t<h1 class=\"elementor-heading-title elementor-size-xxl\">Aankomst met het openbaar vervoer<\/h1>\t\t\t\t<\/div>\n\t\t\t\t<\/div>\n\t\t\t\t<div class=\"elementor-element elementor-element-c8944b4 elementor-widget elementor-widget-text-editor\" data-id=\"c8944b4\" data-element_type=\"widget\" data-e-type=\"widget\" data-widget_type=\"text-editor.default\">\n\t\t\t\t<div class=\"elementor-widget-container\">\n\t\t\t\t\t\t\t\t\t<p>De <strong>dichtstbijzijnde treinstation Mariahof-St. Lambrecht<\/strong> Het is slechts 8 km van het dalstation in St. Lambrecht. Ja, je kunt met het openbaar vervoer naar ons toe komen, maar de verbindingen zijn helaas nog niet geweldig<\/p><p>Reistijden met trein en bus bijvoorbeeld<\/p><ul><li>ab Klagenfurt 1 h 17 min<\/li><li>ab Villach 2 h 01 min<\/li><li>ab Graz 2 h 11 min<\/li><li>Johann im Pongau 3 h 35 min<\/li><li>ab Maribor 4 h 01 min<\/li><\/ul>\t\t\t\t\t\t\t\t<\/div>\n\t\t\t\t<\/div>\n\t\t\t\t<div class=\"elementor-element elementor-element-626c0c1 elementor-widget elementor-widget-html\" data-id=\"626c0c1\" data-element_type=\"widget\" data-e-type=\"widget\" data-widget_type=\"html.default\">\n\t\t\t\t<div class=\"elementor-widget-container\">\n\t\t\t\t\t<script type=\"text\/javascript\" src=\"https:\/\/verkehrsauskunft.verbundlinie.at\/webapp\/staticfiles\/hafas-widget-core.1.0.0.js?L=vs_stv&\"><\/script>\r\n<div data-hfs-widget=\"true\" data-hfs-widget-tp=\"true\" data-hfs-widget-tp-arr=\"St.Lambrecht Grebenzen Talstation\" data-hfs-widget-tp-postform=\"newtab\"><\/div>\t\t\t\t<\/div>\n\t\t\t\t<\/div>\n\t\t\t\t\t<\/div>\n\t\t<\/div>\n\t\t\t\t\t<\/div>\n\t\t<\/section>\n\t\t\t\t<section data-particle_enable=\"false\" data-particle-mobile-disabled=\"false\" class=\"elementor-section elementor-top-section elementor-element elementor-element-7819429 elementor-section-full_width elementor-section-height-default elementor-section-height-default\" data-id=\"7819429\" data-element_type=\"section\" data-e-type=\"section\">\n\t\t\t\t\t\t<div class=\"elementor-container elementor-column-gap-default\">\n\t\t\t<a class=\"eael-wrapper-link-0ea2230 --eael-wrapper-link-tag\" href=\"https:\/\/grebenzen.at\/nl\/gondelfruehstueck\/infos-tickets\/\"><\/a>\t\t<div data-eael-wrapper-link=\"eael-wrapper-link-0ea2230\" class=\"elementor-column elementor-col-33 elementor-top-column elementor-element elementor-element-0ea2230\" data-id=\"0ea2230\" data-element_type=\"column\" data-e-type=\"column\" data-settings=\"{&quot;background_background&quot;:&quot;classic&quot;,&quot;motion_fx_motion_fx_mouse&quot;:&quot;yes&quot;}\">\n\t\t\t<div class=\"elementor-widget-wrap elementor-element-populated\">\n\t\t\t\t\t<div class=\"elementor-background-overlay\"><\/div>\n\t\t\t\t\t\t<div class=\"elementor-element elementor-element-b6adaf8 elementor-widget elementor-widget-heading\" data-id=\"b6adaf8\" data-element_type=\"widget\" data-e-type=\"widget\" data-widget_type=\"heading.default\">\n\t\t\t\t<div class=\"elementor-widget-container\">\n\t\t\t\t\t<h3 class=\"elementor-heading-title elementor-size-default\">Kabelbaan-informatie <br>en zomertickets<\/h3>\t\t\t\t<\/div>\n\t\t\t\t<\/div>\n\t\t\t\t<div class=\"elementor-element elementor-element-fb5dc88 elementor-widget elementor-widget-button\" data-id=\"fb5dc88\" data-element_type=\"widget\" data-e-type=\"widget\" data-widget_type=\"button.default\">\n\t\t\t\t<div class=\"elementor-widget-container\">\n\t\t\t\t\t\t\t\t\t<div class=\"elementor-button-wrapper\">\n\t\t\t\t\t<a class=\"elementor-button elementor-button-link elementor-size-sm\" href=\"https:\/\/grebenzen.at\/nl\/sommer\/infos-tickets\/\">\n\t\t\t\t\t\t<span class=\"elementor-button-content-wrapper\">\n\t\t\t\t\t\t\t\t\t<span class=\"elementor-button-text\">Meer informatie<\/span>\n\t\t\t\t\t<\/span>\n\t\t\t\t\t<\/a>\n\t\t\t\t<\/div>\n\t\t\t\t\t\t\t\t<\/div>\n\t\t\t\t<\/div>\n\t\t\t\t\t<\/div>\n\t\t<\/div>\n\t\t<a class=\"eael-wrapper-link-9ebd25a --eael-wrapper-link-tag\" href=\"https:\/\/grebenzen.at\/nl\/gondelfruehstueck\/familienhighlights\/\"><\/a>\t\t<div data-eael-wrapper-link=\"eael-wrapper-link-9ebd25a\" class=\"elementor-column elementor-col-33 elementor-top-column elementor-element elementor-element-9ebd25a\" data-id=\"9ebd25a\" data-element_type=\"column\" data-e-type=\"column\" data-settings=\"{&quot;background_background&quot;:&quot;classic&quot;,&quot;motion_fx_motion_fx_mouse&quot;:&quot;yes&quot;}\">\n\t\t\t<div class=\"elementor-widget-wrap elementor-element-populated\">\n\t\t\t\t\t<div class=\"elementor-background-overlay\"><\/div>\n\t\t\t\t\t\t<div class=\"elementor-element elementor-element-1f9bfaf elementor-widget elementor-widget-heading\" data-id=\"1f9bfaf\" data-element_type=\"widget\" data-e-type=\"widget\" data-widget_type=\"heading.default\">\n\t\t\t\t<div class=\"elementor-widget-container\">\n\t\t\t\t\t<h3 class=\"elementor-heading-title elementor-size-default\">Familietoppers<br>op de GrebenzenH\u00f6hen<\/h3>\t\t\t\t<\/div>\n\t\t\t\t<\/div>\n\t\t\t\t<div class=\"elementor-element elementor-element-a74e904 elementor-widget elementor-widget-button\" data-id=\"a74e904\" data-element_type=\"widget\" data-e-type=\"widget\" data-widget_type=\"button.default\">\n\t\t\t\t<div class=\"elementor-widget-container\">\n\t\t\t\t\t\t\t\t\t<div class=\"elementor-button-wrapper\">\n\t\t\t\t\t<a class=\"elementor-button elementor-button-link elementor-size-sm\" href=\"https:\/\/grebenzen.at\/nl\/sommer\/familienhighlights\/\">\n\t\t\t\t\t\t<span class=\"elementor-button-content-wrapper\">\n\t\t\t\t\t\t\t\t\t<span class=\"elementor-button-text\">Ontdek hier<\/span>\n\t\t\t\t\t<\/span>\n\t\t\t\t\t<\/a>\n\t\t\t\t<\/div>\n\t\t\t\t\t\t\t\t<\/div>\n\t\t\t\t<\/div>\n\t\t\t\t\t<\/div>\n\t\t<\/div>\n\t\t<a class=\"eael-wrapper-link-e8f030a --eael-wrapper-link-tag\" href=\"https:\/\/grebenzen.at\/nl\/webcams\/\"><\/a>\t\t<div data-eael-wrapper-link=\"eael-wrapper-link-e8f030a\" class=\"elementor-column elementor-col-33 elementor-top-column elementor-element elementor-element-e8f030a\" data-id=\"e8f030a\" data-element_type=\"column\" data-e-type=\"column\" data-settings=\"{&quot;background_background&quot;:&quot;classic&quot;,&quot;motion_fx_motion_fx_mouse&quot;:&quot;yes&quot;}\">\n\t\t\t<div class=\"elementor-widget-wrap elementor-element-populated\">\n\t\t\t\t\t<div class=\"elementor-background-overlay\"><\/div>\n\t\t\t\t\t\t<div class=\"elementor-element elementor-element-15630ab elementor-widget elementor-widget-heading\" data-id=\"15630ab\" data-element_type=\"widget\" data-e-type=\"widget\" data-widget_type=\"heading.default\">\n\t\t\t\t<div class=\"elementor-widget-container\">\n\t\t\t\t\t<h3 class=\"elementor-heading-title elementor-size-default\">Webcams von den GrebenzenH\u00f6hen<\/h3>\t\t\t\t<\/div>\n\t\t\t\t<\/div>\n\t\t\t\t<div class=\"elementor-element elementor-element-e887182 elementor-widget elementor-widget-button\" data-id=\"e887182\" data-element_type=\"widget\" data-e-type=\"widget\" data-widget_type=\"button.default\">\n\t\t\t\t<div class=\"elementor-widget-container\">\n\t\t\t\t\t\t\t\t\t<div class=\"elementor-button-wrapper\">\n\t\t\t\t\t<a class=\"elementor-button elementor-button-link elementor-size-sm\" href=\"https:\/\/grebenzen.at\/nl\/webcams\/\">\n\t\t\t\t\t\t<span class=\"elementor-button-content-wrapper\">\n\t\t\t\t\t\t\t\t\t<span class=\"elementor-button-text\">Hier langs<\/span>\n\t\t\t\t\t<\/span>\n\t\t\t\t\t<\/a>\n\t\t\t\t<\/div>\n\t\t\t\t\t\t\t\t<\/div>\n\t\t\t\t<\/div>\n\t\t\t\t\t<\/div>\n\t\t<\/div>\n\t\t\t\t\t<\/div>\n\t\t<\/section>\n\t\t\t\t<section data-particle_enable=\"false\" data-particle-mobile-disabled=\"false\" class=\"elementor-section elementor-top-section elementor-element elementor-element-b04a9f6 elementor-section-stretched elementor-section-height-min-height elementor-section-boxed elementor-section-height-default elementor-section-items-middle\" data-id=\"b04a9f6\" data-element_type=\"section\" data-e-type=\"section\" data-settings=\"{&quot;stretch_section&quot;:&quot;section-stretched&quot;,&quot;background_background&quot;:&quot;classic&quot;}\">\n\t\t\t\t\t\t<div class=\"elementor-container elementor-column-gap-no\">\n\t\t\t\t\t<div class=\"elementor-column elementor-col-100 elementor-top-column elementor-element elementor-element-f980ef9\" data-id=\"f980ef9\" data-element_type=\"column\" data-e-type=\"column\">\n\t\t\t<div class=\"elementor-widget-wrap elementor-element-populated\">\n\t\t\t\t\t\t<div class=\"elementor-element elementor-element-78969e6 elementor-widget elementor-widget-heading\" data-id=\"78969e6\" data-element_type=\"widget\" data-e-type=\"widget\" data-widget_type=\"heading.default\">\n\t\t\t\t<div class=\"elementor-widget-container\">\n\t\t\t\t\t<h1 class=\"elementor-heading-title elementor-size-xxl\">Alle GrebenzenH\u00f6hen-informatie in \u00e9\u00e9n oogopslag<\/h1>\t\t\t\t<\/div>\n\t\t\t\t<\/div>\n\t\t\t\t<div class=\"elementor-element elementor-element-d2ba84a elementor-widget elementor-widget-text-editor\" data-id=\"d2ba84a\" data-element_type=\"widget\" data-e-type=\"widget\" data-widget_type=\"text-editor.default\">\n\t\t\t\t<div class=\"elementor-widget-container\">\n\t\t\t\t\t\t\t\t\t<p>Heb je vragen? Hier vind je de antwoorden \u2013 snel gevonden, goed ge\u00efnformeerd en klaar voor je GrebenzenH\u00f6hen-avontuur!<\/p>\t\t\t\t\t\t\t\t<\/div>\n\t\t\t\t<\/div>\n\t\t\t\t<section data-particle_enable=\"false\" data-particle-mobile-disabled=\"false\" class=\"elementor-section elementor-inner-section elementor-element elementor-element-3bfe592 elementor-section-boxed elementor-section-height-default elementor-section-height-default\" data-id=\"3bfe592\" data-element_type=\"section\" data-e-type=\"section\">\n\t\t\t\t\t\t<div class=\"elementor-container elementor-column-gap-default\">\n\t\t\t\t\t<div class=\"elementor-column elementor-col-100 elementor-inner-column elementor-element elementor-element-63b74b1\" data-id=\"63b74b1\" data-element_type=\"column\" data-e-type=\"column\">\n\t\t\t<div class=\"elementor-widget-wrap elementor-element-populated\">\n\t\t\t\t\t\t<div class=\"elementor-element elementor-element-d696211 elementor-align-center elementor-widget elementor-widget-button\" data-id=\"d696211\" data-element_type=\"widget\" data-e-type=\"widget\" data-widget_type=\"button.default\">\n\t\t\t\t<div class=\"elementor-widget-container\">\n\t\t\t\t\t\t\t\t\t<div class=\"elementor-button-wrapper\">\n\t\t\t\t\t<a class=\"elementor-button elementor-button-link elementor-size-sm\" href=\"https:\/\/grebenzen.at\/nl\/faqs\/\">\n\t\t\t\t\t\t<span class=\"elementor-button-content-wrapper\">\n\t\t\t\t\t\t\t\t\t<span class=\"elementor-button-text\">Naar de FAQ<\/span>\n\t\t\t\t\t<\/span>\n\t\t\t\t\t<\/a>\n\t\t\t\t<\/div>\n\t\t\t\t\t\t\t\t<\/div>\n\t\t\t\t<\/div>\n\t\t\t\t\t<\/div>\n\t\t<\/div>\n\t\t\t\t\t<\/div>\n\t\t<\/section>\n\t\t\t\t\t<\/div>\n\t\t<\/div>\n\t\t\t\t\t<\/div>\n\t\t<\/section>\n\t\t\t\t<\/div>","protected":false},"excerpt":{"rendered":"<p>Anreise &amp; Parken Willkommen in St. Lambrecht, Steiermark Euer n\u00e4chster Urlaub im Naturpark Zirbitzkogel-Grebenzen ist nah Ihr habt gro\u00dfes Gl\u00fcck, denn die GrebenzenH\u00f6hen sind noch immer ein Geheimtipp! Stau an der Bergbahn-Kassa? Nie gesehen. Stress am Parkplatz? Nur zu ganz, ganz seltenen Sto\u00dfzeiten. \u00dcberlaufene Wanderwege und Pisten? Nie gesehen! Also, kommt entspannt zu uns und [&hellip;]<\/p>\n","protected":false},"author":1,"featured_media":0,"parent":9072,"menu_order":0,"comment_status":"closed","ping_status":"closed","template":"","meta":{"inline_featured_image":false,"footnotes":""},"class_list":["post-8688","page","type-page","status-publish","hentry"],"publishpress_future_action":{"enabled":false,"date":"2026-04-11 07:39:35","action":"change-status","newStatus":"draft","terms":[],"taxonomy":"","extraData":[]},"publishpress_future_workflow_manual_trigger":{"enabledWorkflows":[]},"_links":{"self":[{"href":"https:\/\/grebenzen.at\/nl\/wp-json\/wp\/v2\/pages\/8688","targetHints":{"allow":["GET"]}}],"collection":[{"href":"https:\/\/grebenzen.at\/nl\/wp-json\/wp\/v2\/pages"}],"about":[{"href":"https:\/\/grebenzen.at\/nl\/wp-json\/wp\/v2\/types\/page"}],"author":[{"embeddable":true,"href":"https:\/\/grebenzen.at\/nl\/wp-json\/wp\/v2\/users\/1"}],"replies":[{"embeddable":true,"href":"https:\/\/grebenzen.at\/nl\/wp-json\/wp\/v2\/comments?post=8688"}],"version-history":[{"count":37,"href":"https:\/\/grebenzen.at\/nl\/wp-json\/wp\/v2\/pages\/8688\/revisions"}],"predecessor-version":[{"id":9608,"href":"https:\/\/grebenzen.at\/nl\/wp-json\/wp\/v2\/pages\/8688\/revisions\/9608"}],"up":[{"embeddable":true,"href":"https:\/\/grebenzen.at\/nl\/wp-json\/wp\/v2\/pages\/9072"}],"wp:attachment":[{"href":"https:\/\/grebenzen.at\/nl\/wp-json\/wp\/v2\/media?parent=8688"}],"curies":[{"name":"wp","href":"https:\/\/api.w.org\/{rel}","templated":true}]}}