{"id":8730,"date":"2025-05-11T20:11:40","date_gmt":"2025-05-11T20:11:40","guid":{"rendered":"https:\/\/dev.mediadome.at\/grebenzen\/?page_id=8730"},"modified":"2025-07-21T06:09:42","modified_gmt":"2025-07-21T06:09:42","slug":"grebenzen-mit-hund","status":"publish","type":"page","link":"https:\/\/grebenzen.at\/hu\/service\/grebenzen-mit-hund\/","title":{"rendered":"Grebenzen kuty\u00e1val"},"content":{"rendered":"<div data-elementor-type=\"wp-page\" data-elementor-id=\"8730\" class=\"elementor elementor-8730\" data-elementor-post-type=\"page\">\n\t\t\t\t\t\t<section data-particle_enable=\"false\" data-particle-mobile-disabled=\"false\" class=\"elementor-section elementor-top-section elementor-element elementor-element-4d3f08d elementor-section-stretched elementor-section-height-min-height elementor-section-items-bottom elementor-section-boxed elementor-section-height-default\" data-id=\"4d3f08d\" data-element_type=\"section\" data-e-type=\"section\" data-settings=\"{&quot;stretch_section&quot;:&quot;section-stretched&quot;,&quot;background_background&quot;:&quot;classic&quot;}\">\n\t\t\t\t\t\t\t<div class=\"elementor-background-overlay\"><\/div>\n\t\t\t\t\t\t\t<div class=\"elementor-container elementor-column-gap-no\">\n\t\t\t\t\t<div class=\"elementor-column elementor-col-100 elementor-top-column elementor-element elementor-element-79b9316 elementor-invisible\" data-id=\"79b9316\" data-element_type=\"column\" data-e-type=\"column\" data-settings=\"{&quot;animation&quot;:&quot;slideInUp&quot;}\">\n\t\t\t<div class=\"elementor-widget-wrap elementor-element-populated\">\n\t\t\t\t\t\t<div class=\"elementor-element elementor-element-5734eac elementor-widget elementor-widget-heading\" data-id=\"5734eac\" data-element_type=\"widget\" data-e-type=\"widget\" data-widget_type=\"heading.default\">\n\t\t\t\t<div class=\"elementor-widget-container\">\n\t\t\t\t\t<h1 class=\"elementor-heading-title elementor-size-default\">Grebenzen kuty\u00e1val<\/h1>\t\t\t\t<\/div>\n\t\t\t\t<\/div>\n\t\t\t\t\t<\/div>\n\t\t<\/div>\n\t\t\t\t\t<\/div>\n\t\t<\/section>\n\t\t\t\t<section data-particle_enable=\"false\" data-particle-mobile-disabled=\"false\" class=\"elementor-section elementor-top-section elementor-element elementor-element-3f83571 elementor-section-stretched elementor-section-boxed elementor-section-height-default elementor-section-height-default\" data-id=\"3f83571\" data-element_type=\"section\" data-e-type=\"section\" data-settings=\"{&quot;stretch_section&quot;:&quot;section-stretched&quot;,&quot;background_background&quot;:&quot;classic&quot;}\">\n\t\t\t\t\t\t<div class=\"elementor-container elementor-column-gap-narrow\">\n\t\t\t\t\t<div class=\"elementor-column elementor-col-100 elementor-top-column elementor-element elementor-element-4d14151\" data-id=\"4d14151\" data-element_type=\"column\" data-e-type=\"column\">\n\t\t\t<div class=\"elementor-widget-wrap elementor-element-populated\">\n\t\t\t\t\t\t<div class=\"elementor-element elementor-element-50f3e04 elementor-widget elementor-widget-heading\" data-id=\"50f3e04\" data-element_type=\"widget\" data-e-type=\"widget\" data-widget_type=\"heading.default\">\n\t\t\t\t<div class=\"elementor-widget-container\">\n\t\t\t\t\t<h1 class=\"elementor-heading-title elementor-size-xxl\">Kuty\u00e1k sz\u00edvesen l\u00e1tottak! <\/h1>\t\t\t\t<\/div>\n\t\t\t\t<\/div>\n\t\t\t\t<div class=\"elementor-element elementor-element-1ead140 elementor-widget elementor-widget-heading\" data-id=\"1ead140\" data-element_type=\"widget\" data-e-type=\"widget\" data-widget_type=\"heading.default\">\n\t\t\t\t<div class=\"elementor-widget-container\">\n\t\t\t\t\t<h1 class=\"elementor-heading-title elementor-size-xxl\">A Greben10 panor\u00e1ma vonaton a kuty\u00e1d is els\u0151 oszt\u00e1lyon utazhat. <\/h1>\t\t\t\t<\/div>\n\t\t\t\t<\/div>\n\t\t\t\t<div class=\"elementor-element elementor-element-b906dfe elementor-widget elementor-widget-text-editor\" data-id=\"b906dfe\" data-element_type=\"widget\" data-e-type=\"widget\" data-widget_type=\"text-editor.default\">\n\t\t\t\t<div class=\"elementor-widget-container\">\n\t\t\t\t\t\t\t\t\t<p>Mi\u00e9rt csak a k\u00e9tl\u00e1bon j\u00e1r\u00f3k \u00e9lvezhetn\u00e9k a hegyi panor\u00e1m\u00e1t? Az \u00faj Greben10 panor\u00e1ma vonaton St. Lambrecht\/St\u00e1jerorsz\u00e1gban a te <strong>Kuty\u00e1t sz\u00edv\u00e9lyesen \u00fcdv\u00f6zl\u00fcnk!<\/strong><\/p><p>Fel\u00e9rve egy fantasztikus kutyaparadicsom v\u00e1r r\u00e1tok: <strong>T\u00fara\u00fatvonalak a szabad futk\u00e1roz\u00e1shoz,<\/strong> rengeteg izgalmas illat, amit megszagl\u00e1szhatnak, \u00e9s csod\u00e1s <strong>fot\u00f3t\u00e9m\u00e1k a Tauern- \u00e9s a Karawanken-hegys\u00e9ggel <\/strong>a h\u00e1tt\u00e9rben. \u00c9s ut\u00e1na? Indul\u00e1s a(z) <strong>k\u00f6z\u00f6s meg\u00e1ll\u00f3 friss\u00edt\u0151re!<\/strong><\/p>\t\t\t\t\t\t\t\t<\/div>\n\t\t\t\t<\/div>\n\t\t\t\t\t<\/div>\n\t\t<\/div>\n\t\t\t\t\t<\/div>\n\t\t<\/section>\n\t\t\t\t<section data-particle_enable=\"false\" data-particle-mobile-disabled=\"false\" class=\"elementor-section elementor-top-section elementor-element elementor-element-e862c1c elementor-section-height-min-height elementor-section-stretched elementor-section-boxed elementor-section-height-default elementor-section-items-middle\" data-id=\"e862c1c\" data-element_type=\"section\" data-e-type=\"section\" data-settings=\"{&quot;stretch_section&quot;:&quot;section-stretched&quot;,&quot;background_background&quot;:&quot;classic&quot;}\">\n\t\t\t\t\t\t\t<div class=\"elementor-background-overlay\"><\/div>\n\t\t\t\t\t\t\t<div class=\"elementor-container elementor-column-gap-custom\">\n\t\t\t\t\t<div class=\"elementor-column elementor-col-50 elementor-top-column elementor-element elementor-element-7ad696b elementor-invisible\" data-id=\"7ad696b\" data-element_type=\"column\" data-e-type=\"column\" data-settings=\"{&quot;background_background&quot;:&quot;classic&quot;,&quot;animation&quot;:&quot;slideInLeft&quot;}\">\n\t\t\t<div class=\"elementor-widget-wrap elementor-element-populated\">\n\t\t\t\t\t\t<div class=\"elementor-element elementor-element-a906947 elementor-widget elementor-widget-image\" data-id=\"a906947\" data-element_type=\"widget\" data-e-type=\"widget\" data-widget_type=\"image.default\">\n\t\t\t\t<div class=\"elementor-widget-container\">\n\t\t\t\t\t\t\t\t\t\t\t\t\t\t\t<img fetchpriority=\"high\" decoding=\"async\" width=\"2048\" height=\"1365\" src=\"https:\/\/grebenzen.at\/wp-content\/uploads\/2020\/03\/GrebenzenSommer2023_copyMediadome-5-2048x1365.jpg\" class=\"attachment-2048x2048 size-2048x2048 wp-image-7988\" alt=\"\" srcset=\"https:\/\/grebenzen.at\/wp-content\/uploads\/2020\/03\/GrebenzenSommer2023_copyMediadome-5-2048x1365.jpg 2048w, https:\/\/grebenzen.at\/wp-content\/uploads\/2020\/03\/GrebenzenSommer2023_copyMediadome-5-300x200.jpg 300w, https:\/\/grebenzen.at\/wp-content\/uploads\/2020\/03\/GrebenzenSommer2023_copyMediadome-5-1000x667.jpg 1000w, https:\/\/grebenzen.at\/wp-content\/uploads\/2020\/03\/GrebenzenSommer2023_copyMediadome-5-150x100.jpg 150w, https:\/\/grebenzen.at\/wp-content\/uploads\/2020\/03\/GrebenzenSommer2023_copyMediadome-5-768x512.jpg 768w, https:\/\/grebenzen.at\/wp-content\/uploads\/2020\/03\/GrebenzenSommer2023_copyMediadome-5-1536x1024.jpg 1536w, https:\/\/grebenzen.at\/wp-content\/uploads\/2020\/03\/GrebenzenSommer2023_copyMediadome-5-18x12.jpg 18w\" sizes=\"(max-width: 2048px) 100vw, 2048px\" \/>\t\t\t\t\t\t\t\t\t\t\t\t\t\t\t<\/div>\n\t\t\t\t<\/div>\n\t\t\t\t<div class=\"elementor-element elementor-element-22eebbe elementor-widget elementor-widget-heading\" data-id=\"22eebbe\" data-element_type=\"widget\" data-e-type=\"widget\" data-widget_type=\"heading.default\">\n\t\t\t\t<div class=\"elementor-widget-container\">\n\t\t\t\t\t<h1 class=\"elementor-heading-title elementor-size-xxl\">Egy fontos k\u00e9r\u00e9s<br><br><\/h1>\t\t\t\t<\/div>\n\t\t\t\t<\/div>\n\t\t\t\t<div class=\"elementor-element elementor-element-66407dd elementor-widget elementor-widget-text-editor\" data-id=\"66407dd\" data-element_type=\"widget\" data-e-type=\"widget\" data-widget_type=\"text-editor.default\">\n\t\t\t\t<div class=\"elementor-widget-container\">\n\t\t\t\t\t\t\t\t\t<p>elel\u0151s gazdik\u00e9nt am\u00fagy is \u00edgy tesztek: K\u00e9rj\u00fck, vegy\u00e9tek figyelembe a jogszab\u00e1lyi el\u0151\u00edr\u00e1sokat a(z) <strong>p\u00f3r\u00e1z \u00e9s sz\u00e1jkos\u00e1r.<\/strong> \u00c9s k\u00e9rlek, legyetek k\u00fcl\u00f6n\u00f6sen <strong>k\u00f6r\u00fcltekint\u0151ek a legel\u0151k\u00f6n \u00e9s a r\u00e9teken<\/strong> a Grebenzenhaus k\u00f6r\u00fcl, ahol ny\u00e1ron <strong>szarvasmarh\u00e1k legelnek.<\/strong> Itt tal\u00e1lj\u00e1tok hozz\u00e1 <a href=\"https:\/\/www.steiermark.com\/de\/Steiermark\/Aktiv-in-der-Natur\/Wandern\/Sicherheit-am-Berg\" target=\"_blank\" rel=\"noopener\">Tippek \u00e9s viselked\u00e9si szab\u00e1lyok.<\/a>Mindenkinek \u2013 k\u00e9t- \u00e9s n\u00e9gyl\u00e1b\u00fa vend\u00e9geinknek \u2013 k\u00edv\u00e1nunk egy <strong>sz\u00e9p \u00e9s biztons\u00e1gos id\u0151t<\/strong> auf den GrebenzenH\u00f6hen!<\/p>\t\t\t\t\t\t\t\t<\/div>\n\t\t\t\t<\/div>\n\t\t\t\t\t<\/div>\n\t\t<\/div>\n\t\t\t\t<div class=\"elementor-column elementor-col-50 elementor-top-column elementor-element elementor-element-a31f72c elementor-invisible\" data-id=\"a31f72c\" data-element_type=\"column\" data-e-type=\"column\" data-settings=\"{&quot;background_background&quot;:&quot;classic&quot;,&quot;animation&quot;:&quot;slideInRight&quot;}\">\n\t\t\t<div class=\"elementor-widget-wrap elementor-element-populated\">\n\t\t\t\t\t\t<div class=\"elementor-element elementor-element-6d32df5 elementor-widget elementor-widget-image\" data-id=\"6d32df5\" data-element_type=\"widget\" data-e-type=\"widget\" data-widget_type=\"image.default\">\n\t\t\t\t<div class=\"elementor-widget-container\">\n\t\t\t\t\t\t\t\t\t\t\t\t\t\t\t<img decoding=\"async\" width=\"2048\" height=\"1151\" src=\"https:\/\/grebenzen.at\/wp-content\/uploads\/2025\/04\/Grebenzen_Sommer_c-Tourismusverband-Murau-Tom-Lamm-14-1-1-2048x1151.jpg\" class=\"attachment-2048x2048 size-2048x2048 wp-image-7886\" alt=\"\" srcset=\"https:\/\/grebenzen.at\/wp-content\/uploads\/2025\/04\/Grebenzen_Sommer_c-Tourismusverband-Murau-Tom-Lamm-14-1-1-2048x1151.jpg 2048w, https:\/\/grebenzen.at\/wp-content\/uploads\/2025\/04\/Grebenzen_Sommer_c-Tourismusverband-Murau-Tom-Lamm-14-1-1-300x169.jpg 300w, https:\/\/grebenzen.at\/wp-content\/uploads\/2025\/04\/Grebenzen_Sommer_c-Tourismusverband-Murau-Tom-Lamm-14-1-1-1000x562.jpg 1000w, https:\/\/grebenzen.at\/wp-content\/uploads\/2025\/04\/Grebenzen_Sommer_c-Tourismusverband-Murau-Tom-Lamm-14-1-1-150x84.jpg 150w, https:\/\/grebenzen.at\/wp-content\/uploads\/2025\/04\/Grebenzen_Sommer_c-Tourismusverband-Murau-Tom-Lamm-14-1-1-768x431.jpg 768w, https:\/\/grebenzen.at\/wp-content\/uploads\/2025\/04\/Grebenzen_Sommer_c-Tourismusverband-Murau-Tom-Lamm-14-1-1-1536x863.jpg 1536w, https:\/\/grebenzen.at\/wp-content\/uploads\/2025\/04\/Grebenzen_Sommer_c-Tourismusverband-Murau-Tom-Lamm-14-1-1-18x10.jpg 18w\" sizes=\"(max-width: 2048px) 100vw, 2048px\" \/>\t\t\t\t\t\t\t\t\t\t\t\t\t\t\t<\/div>\n\t\t\t\t<\/div>\n\t\t\t\t<div class=\"elementor-element elementor-element-9b8cfea elementor-widget elementor-widget-heading\" data-id=\"9b8cfea\" data-element_type=\"widget\" data-e-type=\"widget\" data-widget_type=\"heading.default\">\n\t\t\t\t<div class=\"elementor-widget-container\">\n\t\t\t\t\t<h1 class=\"elementor-heading-title elementor-size-xxl\">Kutyajegy a panor\u00e1ma vonatra<\/h1>\t\t\t\t<\/div>\n\t\t\t\t<\/div>\n\t\t\t\t<div class=\"elementor-element elementor-element-1f7603d elementor-widget elementor-widget-text-editor\" data-id=\"1f7603d\" data-element_type=\"widget\" data-e-type=\"widget\" data-widget_type=\"text-editor.default\">\n\t\t\t\t<div class=\"elementor-widget-container\">\n\t\t\t\t\t\t\t\t\t<p>A n\u00e9gyl\u00e1b\u00fa utasoknak is jegyre van sz\u00fcks\u00e9g\u00fck \ud83d\ude0a Itt tal\u00e1lj\u00e1tok a <a href=\"https:\/\/grebenzen.at\/hu\/sommer\/infos-tickets\/\"><strong><em><u>\u00c1rak.<\/u><\/em><\/strong><\/a>A jegyeket egyszer\u0171en megv\u00e1s\u00e1rolhatj\u00e1tok a Greben10 panor\u00e1ma vonat v\u00f6lgy\u00e1llom\u00e1s\u00e1n tal\u00e1lhat\u00f3 p\u00e9nzt\u00e1rn\u00e1l St. Lambrechtben.\u00a0<\/p><p>\u00a0<\/p><p><strong>\u00a0<\/strong><\/p>\t\t\t\t\t\t\t\t<\/div>\n\t\t\t\t<\/div>\n\t\t\t\t\t<\/div>\n\t\t<\/div>\n\t\t\t\t\t<\/div>\n\t\t<\/section>\n\t\t\t\t<section data-particle_enable=\"false\" data-particle-mobile-disabled=\"false\" class=\"elementor-section elementor-top-section elementor-element elementor-element-7819429 elementor-section-full_width elementor-section-height-default elementor-section-height-default\" data-id=\"7819429\" data-element_type=\"section\" data-e-type=\"section\">\n\t\t\t\t\t\t<div class=\"elementor-container elementor-column-gap-default\">\n\t\t\t<a class=\"eael-wrapper-link-0ea2230 --eael-wrapper-link-tag\" href=\"https:\/\/grebenzen.at\/hu\/gondelfruehstueck\/infos-tickets\/\"><\/a>\t\t<div data-eael-wrapper-link=\"eael-wrapper-link-0ea2230\" class=\"elementor-column elementor-col-33 elementor-top-column elementor-element elementor-element-0ea2230\" data-id=\"0ea2230\" data-element_type=\"column\" data-e-type=\"column\" data-settings=\"{&quot;background_background&quot;:&quot;classic&quot;,&quot;motion_fx_motion_fx_mouse&quot;:&quot;yes&quot;}\">\n\t\t\t<div class=\"elementor-widget-wrap elementor-element-populated\">\n\t\t\t\t\t<div class=\"elementor-background-overlay\"><\/div>\n\t\t\t\t\t\t<div class=\"elementor-element elementor-element-b6adaf8 elementor-widget elementor-widget-heading\" data-id=\"b6adaf8\" data-element_type=\"widget\" data-e-type=\"widget\" data-widget_type=\"heading.default\">\n\t\t\t\t<div class=\"elementor-widget-container\">\n\t\t\t\t\t<h3 class=\"elementor-heading-title elementor-size-default\">Felvon\u00f3-inform\u00e1ci\u00f3k <br>\u00e9s ny\u00e1ri jegyek<\/h3>\t\t\t\t<\/div>\n\t\t\t\t<\/div>\n\t\t\t\t<div class=\"elementor-element elementor-element-fb5dc88 elementor-widget elementor-widget-button\" data-id=\"fb5dc88\" data-element_type=\"widget\" data-e-type=\"widget\" data-widget_type=\"button.default\">\n\t\t\t\t<div class=\"elementor-widget-container\">\n\t\t\t\t\t\t\t\t\t<div class=\"elementor-button-wrapper\">\n\t\t\t\t\t<a class=\"elementor-button elementor-button-link elementor-size-sm\" href=\"https:\/\/grebenzen.at\/hu\/sommer\/infos-tickets\/\">\n\t\t\t\t\t\t<span class=\"elementor-button-content-wrapper\">\n\t\t\t\t\t\t\t\t\t<span class=\"elementor-button-text\">Tov\u00e1bbi inform\u00e1ci\u00f3<\/span>\n\t\t\t\t\t<\/span>\n\t\t\t\t\t<\/a>\n\t\t\t\t<\/div>\n\t\t\t\t\t\t\t\t<\/div>\n\t\t\t\t<\/div>\n\t\t\t\t\t<\/div>\n\t\t<\/div>\n\t\t<a class=\"eael-wrapper-link-9ebd25a --eael-wrapper-link-tag\" href=\"https:\/\/grebenzen.at\/hu\/gondelfruehstueck\/familienhighlights\/\"><\/a>\t\t<div data-eael-wrapper-link=\"eael-wrapper-link-9ebd25a\" class=\"elementor-column elementor-col-33 elementor-top-column elementor-element elementor-element-9ebd25a\" data-id=\"9ebd25a\" data-element_type=\"column\" data-e-type=\"column\" data-settings=\"{&quot;background_background&quot;:&quot;classic&quot;,&quot;motion_fx_motion_fx_mouse&quot;:&quot;yes&quot;}\">\n\t\t\t<div class=\"elementor-widget-wrap elementor-element-populated\">\n\t\t\t\t\t<div class=\"elementor-background-overlay\"><\/div>\n\t\t\t\t\t\t<div class=\"elementor-element elementor-element-1f9bfaf elementor-widget elementor-widget-heading\" data-id=\"1f9bfaf\" data-element_type=\"widget\" data-e-type=\"widget\" data-widget_type=\"heading.default\">\n\t\t\t\t<div class=\"elementor-widget-container\">\n\t\t\t\t\t<h3 class=\"elementor-heading-title elementor-size-default\">Csal\u00e1di k\u00fcl\u00f6nlegess\u00e9gek<br>a GrebenzenH\u00f6hen-en<\/h3>\t\t\t\t<\/div>\n\t\t\t\t<\/div>\n\t\t\t\t<div class=\"elementor-element elementor-element-a74e904 elementor-widget elementor-widget-button\" data-id=\"a74e904\" data-element_type=\"widget\" data-e-type=\"widget\" data-widget_type=\"button.default\">\n\t\t\t\t<div class=\"elementor-widget-container\">\n\t\t\t\t\t\t\t\t\t<div class=\"elementor-button-wrapper\">\n\t\t\t\t\t<a class=\"elementor-button elementor-button-link elementor-size-sm\" href=\"https:\/\/grebenzen.at\/hu\/sommer\/familienhighlights\/\">\n\t\t\t\t\t\t<span class=\"elementor-button-content-wrapper\">\n\t\t\t\t\t\t\t\t\t<span class=\"elementor-button-text\">Fedezd fel itt<\/span>\n\t\t\t\t\t<\/span>\n\t\t\t\t\t<\/a>\n\t\t\t\t<\/div>\n\t\t\t\t\t\t\t\t<\/div>\n\t\t\t\t<\/div>\n\t\t\t\t\t<\/div>\n\t\t<\/div>\n\t\t<a class=\"eael-wrapper-link-e8f030a --eael-wrapper-link-tag\" href=\"https:\/\/grebenzen.at\/hu\/webcams\/\"><\/a>\t\t<div data-eael-wrapper-link=\"eael-wrapper-link-e8f030a\" class=\"elementor-column elementor-col-33 elementor-top-column elementor-element elementor-element-e8f030a\" data-id=\"e8f030a\" data-element_type=\"column\" data-e-type=\"column\" data-settings=\"{&quot;background_background&quot;:&quot;classic&quot;,&quot;motion_fx_motion_fx_mouse&quot;:&quot;yes&quot;}\">\n\t\t\t<div class=\"elementor-widget-wrap elementor-element-populated\">\n\t\t\t\t\t<div class=\"elementor-background-overlay\"><\/div>\n\t\t\t\t\t\t<div class=\"elementor-element elementor-element-15630ab elementor-widget elementor-widget-heading\" data-id=\"15630ab\" data-element_type=\"widget\" data-e-type=\"widget\" data-widget_type=\"heading.default\">\n\t\t\t\t<div class=\"elementor-widget-container\">\n\t\t\t\t\t<h3 class=\"elementor-heading-title elementor-size-default\">Webcams von den GrebenzenH\u00f6hen<\/h3>\t\t\t\t<\/div>\n\t\t\t\t<\/div>\n\t\t\t\t<div class=\"elementor-element elementor-element-e887182 elementor-widget elementor-widget-button\" data-id=\"e887182\" data-element_type=\"widget\" data-e-type=\"widget\" data-widget_type=\"button.default\">\n\t\t\t\t<div class=\"elementor-widget-container\">\n\t\t\t\t\t\t\t\t\t<div class=\"elementor-button-wrapper\">\n\t\t\t\t\t<a class=\"elementor-button elementor-button-link elementor-size-sm\" href=\"https:\/\/grebenzen.at\/hu\/webcams\/\">\n\t\t\t\t\t\t<span class=\"elementor-button-content-wrapper\">\n\t\t\t\t\t\t\t\t\t<span class=\"elementor-button-text\">Erre tov\u00e1bb<\/span>\n\t\t\t\t\t<\/span>\n\t\t\t\t\t<\/a>\n\t\t\t\t<\/div>\n\t\t\t\t\t\t\t\t<\/div>\n\t\t\t\t<\/div>\n\t\t\t\t\t<\/div>\n\t\t<\/div>\n\t\t\t\t\t<\/div>\n\t\t<\/section>\n\t\t\t\t<section data-particle_enable=\"false\" data-particle-mobile-disabled=\"false\" class=\"elementor-section elementor-top-section elementor-element elementor-element-b04a9f6 elementor-section-stretched elementor-section-height-min-height elementor-section-boxed elementor-section-height-default elementor-section-items-middle\" data-id=\"b04a9f6\" data-element_type=\"section\" data-e-type=\"section\" data-settings=\"{&quot;stretch_section&quot;:&quot;section-stretched&quot;,&quot;background_background&quot;:&quot;classic&quot;}\">\n\t\t\t\t\t\t<div class=\"elementor-container elementor-column-gap-no\">\n\t\t\t\t\t<div class=\"elementor-column elementor-col-100 elementor-top-column elementor-element elementor-element-f980ef9\" data-id=\"f980ef9\" data-element_type=\"column\" data-e-type=\"column\">\n\t\t\t<div class=\"elementor-widget-wrap elementor-element-populated\">\n\t\t\t\t\t\t<div class=\"elementor-element elementor-element-78969e6 elementor-widget elementor-widget-heading\" data-id=\"78969e6\" data-element_type=\"widget\" data-e-type=\"widget\" data-widget_type=\"heading.default\">\n\t\t\t\t<div class=\"elementor-widget-container\">\n\t\t\t\t\t<h1 class=\"elementor-heading-title elementor-size-xxl\">Minden GrebenzenH\u00f6hen-inform\u00e1ci\u00f3 egy pillant\u00e1sra<\/h1>\t\t\t\t<\/div>\n\t\t\t\t<\/div>\n\t\t\t\t<div class=\"elementor-element elementor-element-d2ba84a elementor-widget elementor-widget-text-editor\" data-id=\"d2ba84a\" data-element_type=\"widget\" data-e-type=\"widget\" data-widget_type=\"text-editor.default\">\n\t\t\t\t<div class=\"elementor-widget-container\">\n\t\t\t\t\t\t\t\t\t<p>K\u00e9rd\u00e9sed van? Itt megtal\u00e1lod a v\u00e1laszokat \u2013 gyorsan, t\u00f6m\u00f6ren, \u00e9s k\u00e9szen \u00e1llsz a GrebenzenH\u00f6hen-kalandra!<\/p>\t\t\t\t\t\t\t\t<\/div>\n\t\t\t\t<\/div>\n\t\t\t\t<section data-particle_enable=\"false\" data-particle-mobile-disabled=\"false\" class=\"elementor-section elementor-inner-section elementor-element elementor-element-3bfe592 elementor-section-boxed elementor-section-height-default elementor-section-height-default\" data-id=\"3bfe592\" data-element_type=\"section\" data-e-type=\"section\">\n\t\t\t\t\t\t<div class=\"elementor-container elementor-column-gap-default\">\n\t\t\t\t\t<div class=\"elementor-column elementor-col-100 elementor-inner-column elementor-element elementor-element-63b74b1\" data-id=\"63b74b1\" data-element_type=\"column\" data-e-type=\"column\">\n\t\t\t<div class=\"elementor-widget-wrap elementor-element-populated\">\n\t\t\t\t\t\t<div class=\"elementor-element elementor-element-d696211 elementor-align-center elementor-widget elementor-widget-button\" data-id=\"d696211\" data-element_type=\"widget\" data-e-type=\"widget\" data-widget_type=\"button.default\">\n\t\t\t\t<div class=\"elementor-widget-container\">\n\t\t\t\t\t\t\t\t\t<div class=\"elementor-button-wrapper\">\n\t\t\t\t\t<a class=\"elementor-button elementor-button-link elementor-size-sm\" href=\"https:\/\/grebenzen.at\/hu\/faqs\/\">\n\t\t\t\t\t\t<span class=\"elementor-button-content-wrapper\">\n\t\t\t\t\t\t\t\t\t<span class=\"elementor-button-text\">h\u00f6z FAQ<\/span>\n\t\t\t\t\t<\/span>\n\t\t\t\t\t<\/a>\n\t\t\t\t<\/div>\n\t\t\t\t\t\t\t\t<\/div>\n\t\t\t\t<\/div>\n\t\t\t\t\t<\/div>\n\t\t<\/div>\n\t\t\t\t\t<\/div>\n\t\t<\/section>\n\t\t\t\t\t<\/div>\n\t\t<\/div>\n\t\t\t\t\t<\/div>\n\t\t<\/section>\n\t\t\t\t<\/div>","protected":false},"excerpt":{"rendered":"<p>Grebenzen mit Hund Hunde willkommen! In der Panoramabahn Greben10 f\u00e4hrt auch euer Hund erster Klasse Warum sollen nur Zweibeiner das Bergpanorama genie\u00dfen? In der neuen Panoramabahn greben10 in St. Lambrecht\/Steiermark ist euer Hund herzlich willkommen! Oben angekommen erwartet euch ein geniales Hundeparadies: Wanderwege zum Austoben, jede Menge spannende Ger\u00fcche zum Erschn\u00fcffeln und herrliche Fotomotive mit [&hellip;]<\/p>\n","protected":false},"author":1,"featured_media":0,"parent":9072,"menu_order":0,"comment_status":"closed","ping_status":"closed","template":"","meta":{"inline_featured_image":false,"footnotes":""},"class_list":["post-8730","page","type-page","status-publish","hentry"],"publishpress_future_action":{"enabled":false,"date":"2026-04-11 16:58:33","action":"change-status","newStatus":"draft","terms":[],"taxonomy":"","extraData":[]},"publishpress_future_workflow_manual_trigger":{"enabledWorkflows":[]},"_links":{"self":[{"href":"https:\/\/grebenzen.at\/hu\/wp-json\/wp\/v2\/pages\/8730","targetHints":{"allow":["GET"]}}],"collection":[{"href":"https:\/\/grebenzen.at\/hu\/wp-json\/wp\/v2\/pages"}],"about":[{"href":"https:\/\/grebenzen.at\/hu\/wp-json\/wp\/v2\/types\/page"}],"author":[{"embeddable":true,"href":"https:\/\/grebenzen.at\/hu\/wp-json\/wp\/v2\/users\/1"}],"replies":[{"embeddable":true,"href":"https:\/\/grebenzen.at\/hu\/wp-json\/wp\/v2\/comments?post=8730"}],"version-history":[{"count":19,"href":"https:\/\/grebenzen.at\/hu\/wp-json\/wp\/v2\/pages\/8730\/revisions"}],"predecessor-version":[{"id":9439,"href":"https:\/\/grebenzen.at\/hu\/wp-json\/wp\/v2\/pages\/8730\/revisions\/9439"}],"up":[{"embeddable":true,"href":"https:\/\/grebenzen.at\/hu\/wp-json\/wp\/v2\/pages\/9072"}],"wp:attachment":[{"href":"https:\/\/grebenzen.at\/hu\/wp-json\/wp\/v2\/media?parent=8730"}],"curies":[{"name":"wp","href":"https:\/\/api.w.org\/{rel}","templated":true}]}}