{"id":8719,"date":"2025-05-11T19:58:38","date_gmt":"2025-05-11T19:58:38","guid":{"rendered":"https:\/\/dev.mediadome.at\/grebenzen\/?page_id=8719"},"modified":"2025-07-21T06:07:48","modified_gmt":"2025-07-21T06:07:48","slug":"barrierefreiheit","status":"publish","type":"page","link":"https:\/\/grebenzen.at\/en\/service\/barrierefreiheit\/","title":{"rendered":"Accessibility"},"content":{"rendered":"<div data-elementor-type=\"wp-page\" data-elementor-id=\"8719\" class=\"elementor elementor-8719\" data-elementor-post-type=\"page\">\n\t\t\t\t\t\t<section data-particle_enable=\"false\" data-particle-mobile-disabled=\"false\" class=\"elementor-section elementor-top-section elementor-element elementor-element-4d3f08d elementor-section-stretched elementor-section-height-min-height elementor-section-items-bottom elementor-section-boxed elementor-section-height-default\" data-id=\"4d3f08d\" data-element_type=\"section\" data-e-type=\"section\" data-settings=\"{&quot;stretch_section&quot;:&quot;section-stretched&quot;,&quot;background_background&quot;:&quot;classic&quot;}\">\n\t\t\t\t\t\t\t<div class=\"elementor-background-overlay\"><\/div>\n\t\t\t\t\t\t\t<div class=\"elementor-container elementor-column-gap-no\">\n\t\t\t\t\t<div class=\"elementor-column elementor-col-100 elementor-top-column elementor-element elementor-element-79b9316 elementor-invisible\" data-id=\"79b9316\" data-element_type=\"column\" data-e-type=\"column\" data-settings=\"{&quot;animation&quot;:&quot;slideInUp&quot;}\">\n\t\t\t<div class=\"elementor-widget-wrap elementor-element-populated\">\n\t\t\t\t\t\t<div class=\"elementor-element elementor-element-5734eac elementor-widget elementor-widget-heading\" data-id=\"5734eac\" data-element_type=\"widget\" data-e-type=\"widget\" data-widget_type=\"heading.default\">\n\t\t\t\t<div class=\"elementor-widget-container\">\n\t\t\t\t\t<h1 class=\"elementor-heading-title elementor-size-default\">Accessibility<\/h1>\t\t\t\t<\/div>\n\t\t\t\t<\/div>\n\t\t\t\t\t<\/div>\n\t\t<\/div>\n\t\t\t\t\t<\/div>\n\t\t<\/section>\n\t\t\t\t<section data-particle_enable=\"false\" data-particle-mobile-disabled=\"false\" class=\"elementor-section elementor-top-section elementor-element elementor-element-3f83571 elementor-section-stretched elementor-section-boxed elementor-section-height-default elementor-section-height-default\" data-id=\"3f83571\" data-element_type=\"section\" data-e-type=\"section\" data-settings=\"{&quot;stretch_section&quot;:&quot;section-stretched&quot;,&quot;background_background&quot;:&quot;classic&quot;}\">\n\t\t\t\t\t\t<div class=\"elementor-container elementor-column-gap-narrow\">\n\t\t\t\t\t<div class=\"elementor-column elementor-col-100 elementor-top-column elementor-element elementor-element-4d14151\" data-id=\"4d14151\" data-element_type=\"column\" data-e-type=\"column\">\n\t\t\t<div class=\"elementor-widget-wrap elementor-element-populated\">\n\t\t\t\t\t\t<div class=\"elementor-element elementor-element-50f3e04 elementor-widget elementor-widget-heading\" data-id=\"50f3e04\" data-element_type=\"widget\" data-e-type=\"widget\" data-widget_type=\"heading.default\">\n\t\t\t\t<div class=\"elementor-widget-container\">\n\t\t\t\t\t<h1 class=\"elementor-heading-title elementor-size-xxl\">Accessible Panoramic Cable Car in St. Lambrecht<\/h1>\t\t\t\t<\/div>\n\t\t\t\t<\/div>\n\t\t\t\t<div class=\"elementor-element elementor-element-1ead140 elementor-widget elementor-widget-heading\" data-id=\"1ead140\" data-element_type=\"widget\" data-e-type=\"widget\" data-widget_type=\"heading.default\">\n\t\t\t\t<div class=\"elementor-widget-container\">\n\t\t\t\t\t<h1 class=\"elementor-heading-title elementor-size-xxl\">With wheelchair and stroller up to the GrebenzenH\u00f6hen<\/h1>\t\t\t\t<\/div>\n\t\t\t\t<\/div>\n\t\t\t\t<div class=\"elementor-element elementor-element-b906dfe elementor-widget elementor-widget-text-editor\" data-id=\"b906dfe\" data-element_type=\"widget\" data-e-type=\"widget\" data-widget_type=\"text-editor.default\">\n\t\t\t\t<div class=\"elementor-widget-container\">\n\t\t\t\t\t\t\t\t\t<p>We\u2019re happy to bring you into the mountains <strong>barrier-free<\/strong> with our new panoramic cable car! <strong>Strollers and wheelchairs can roll smoothly into the gondola cabin.<\/strong>Once at the top, you can reach the Grebenzenhaus with both stroller and wheelchair <strong>for a cozy stop<\/strong> \u2013 in winter too, as long as the slope is firm enough for your wheelchair (approx. 120 m walking distance).<\/p><p><strong>Accessible restroom: Available at the valley station<\/strong> In winter also in the Grebenzenblick restaurant at the valley station\n\nUnfortunately, there is no accessible restroom at the Grebenzenhaus on the mountain.<\/p>\t\t\t\t\t\t\t\t<\/div>\n\t\t\t\t<\/div>\n\t\t\t\t\t<\/div>\n\t\t<\/div>\n\t\t\t\t\t<\/div>\n\t\t<\/section>\n\t\t\t\t<section data-particle_enable=\"false\" data-particle-mobile-disabled=\"false\" class=\"elementor-section elementor-top-section elementor-element elementor-element-e862c1c elementor-section-height-min-height elementor-section-stretched elementor-section-boxed elementor-section-height-default elementor-section-items-middle\" data-id=\"e862c1c\" data-element_type=\"section\" data-e-type=\"section\" data-settings=\"{&quot;stretch_section&quot;:&quot;section-stretched&quot;,&quot;background_background&quot;:&quot;classic&quot;}\">\n\t\t\t\t\t\t\t<div class=\"elementor-background-overlay\"><\/div>\n\t\t\t\t\t\t\t<div class=\"elementor-container elementor-column-gap-custom\">\n\t\t\t\t\t<div class=\"elementor-column elementor-col-50 elementor-top-column elementor-element elementor-element-7ad696b elementor-invisible\" data-id=\"7ad696b\" data-element_type=\"column\" data-e-type=\"column\" data-settings=\"{&quot;background_background&quot;:&quot;classic&quot;,&quot;animation&quot;:&quot;slideInLeft&quot;}\">\n\t\t\t<div class=\"elementor-widget-wrap elementor-element-populated\">\n\t\t\t\t\t\t<div class=\"elementor-element elementor-element-a906947 elementor-widget elementor-widget-image\" data-id=\"a906947\" data-element_type=\"widget\" data-e-type=\"widget\" data-widget_type=\"image.default\">\n\t\t\t\t<div class=\"elementor-widget-container\">\n\t\t\t\t\t\t\t\t\t\t\t\t\t\t\t<img fetchpriority=\"high\" decoding=\"async\" width=\"2048\" height=\"1365\" src=\"https:\/\/grebenzen.at\/wp-content\/uploads\/2025\/04\/Grebenzen_Sommer_c-Tourismusverband-Murau-Tom-Lamm-26-2048x1365.jpg\" class=\"attachment-2048x2048 size-2048x2048 wp-image-7882\" alt=\"\" srcset=\"https:\/\/grebenzen.at\/wp-content\/uploads\/2025\/04\/Grebenzen_Sommer_c-Tourismusverband-Murau-Tom-Lamm-26-2048x1365.jpg 2048w, https:\/\/grebenzen.at\/wp-content\/uploads\/2025\/04\/Grebenzen_Sommer_c-Tourismusverband-Murau-Tom-Lamm-26-300x200.jpg 300w, https:\/\/grebenzen.at\/wp-content\/uploads\/2025\/04\/Grebenzen_Sommer_c-Tourismusverband-Murau-Tom-Lamm-26-1000x667.jpg 1000w, https:\/\/grebenzen.at\/wp-content\/uploads\/2025\/04\/Grebenzen_Sommer_c-Tourismusverband-Murau-Tom-Lamm-26-150x100.jpg 150w, https:\/\/grebenzen.at\/wp-content\/uploads\/2025\/04\/Grebenzen_Sommer_c-Tourismusverband-Murau-Tom-Lamm-26-768x512.jpg 768w, https:\/\/grebenzen.at\/wp-content\/uploads\/2025\/04\/Grebenzen_Sommer_c-Tourismusverband-Murau-Tom-Lamm-26-1536x1024.jpg 1536w, https:\/\/grebenzen.at\/wp-content\/uploads\/2025\/04\/Grebenzen_Sommer_c-Tourismusverband-Murau-Tom-Lamm-26-18x12.jpg 18w\" sizes=\"(max-width: 2048px) 100vw, 2048px\" \/>\t\t\t\t\t\t\t\t\t\t\t\t\t\t\t<\/div>\n\t\t\t\t<\/div>\n\t\t\t\t<div class=\"elementor-element elementor-element-22eebbe elementor-widget elementor-widget-heading\" data-id=\"22eebbe\" data-element_type=\"widget\" data-e-type=\"widget\" data-widget_type=\"heading.default\">\n\t\t\t\t<div class=\"elementor-widget-container\">\n\t\t\t\t\t<h1 class=\"elementor-heading-title elementor-size-xxl\">Stroller-Friendly Walking Paths\n\n<\/h1>\t\t\t\t<\/div>\n\t\t\t\t<\/div>\n\t\t\t\t<div class=\"elementor-element elementor-element-66407dd elementor-widget elementor-widget-text-editor\" data-id=\"66407dd\" data-element_type=\"widget\" data-e-type=\"widget\" data-widget_type=\"text-editor.default\">\n\t\t\t\t<div class=\"elementor-widget-container\">\n\t\t\t\t\t\t\t\t\t<p>From the <strong>mountain station<\/strong> and the <strong>Grebenzenhaus<\/strong> you can reach the photo points even with a stroller. <strong>Fotopoints.<\/strong> This means you can take family photos <strong>at especially scenic<\/strong> viewpoints.\n\nYou know those moments when you photograph the little ones in the exact same spot year after year <strong>to see how they\u2019ve grown?<\/strong> The photo points are perfect for that!<\/p>\t\t\t\t\t\t\t\t<\/div>\n\t\t\t\t<\/div>\n\t\t\t\t\t<\/div>\n\t\t<\/div>\n\t\t\t\t<div class=\"elementor-column elementor-col-50 elementor-top-column elementor-element elementor-element-a31f72c elementor-invisible\" data-id=\"a31f72c\" data-element_type=\"column\" data-e-type=\"column\" data-settings=\"{&quot;background_background&quot;:&quot;classic&quot;,&quot;animation&quot;:&quot;slideInRight&quot;}\">\n\t\t\t<div class=\"elementor-widget-wrap elementor-element-populated\">\n\t\t\t\t\t\t<div class=\"elementor-element elementor-element-6d32df5 elementor-widget elementor-widget-image\" data-id=\"6d32df5\" data-element_type=\"widget\" data-e-type=\"widget\" data-widget_type=\"image.default\">\n\t\t\t\t<div class=\"elementor-widget-container\">\n\t\t\t\t\t\t\t\t\t\t\t\t\t\t\t<img decoding=\"async\" width=\"2048\" height=\"1366\" src=\"https:\/\/grebenzen.at\/wp-content\/uploads\/2020\/03\/1W8A8428-2048x1366.jpg\" class=\"attachment-2048x2048 size-2048x2048 wp-image-7939\" alt=\"\" srcset=\"https:\/\/grebenzen.at\/wp-content\/uploads\/2020\/03\/1W8A8428-2048x1366.jpg 2048w, https:\/\/grebenzen.at\/wp-content\/uploads\/2020\/03\/1W8A8428-300x200.jpg 300w, https:\/\/grebenzen.at\/wp-content\/uploads\/2020\/03\/1W8A8428-1000x667.jpg 1000w, https:\/\/grebenzen.at\/wp-content\/uploads\/2020\/03\/1W8A8428-150x100.jpg 150w, https:\/\/grebenzen.at\/wp-content\/uploads\/2020\/03\/1W8A8428-768x512.jpg 768w, https:\/\/grebenzen.at\/wp-content\/uploads\/2020\/03\/1W8A8428-1536x1024.jpg 1536w, https:\/\/grebenzen.at\/wp-content\/uploads\/2020\/03\/1W8A8428-18x12.jpg 18w\" sizes=\"(max-width: 2048px) 100vw, 2048px\" \/>\t\t\t\t\t\t\t\t\t\t\t\t\t\t\t<\/div>\n\t\t\t\t<\/div>\n\t\t\t\t<div class=\"elementor-element elementor-element-9b8cfea elementor-widget elementor-widget-heading\" data-id=\"9b8cfea\" data-element_type=\"widget\" data-e-type=\"widget\" data-widget_type=\"heading.default\">\n\t\t\t\t<div class=\"elementor-widget-container\">\n\t\t\t\t\t<h1 class=\"elementor-heading-title elementor-size-xxl\">Simply into the Gondola<br><br><\/h1>\t\t\t\t<\/div>\n\t\t\t\t<\/div>\n\t\t\t\t<div class=\"elementor-element elementor-element-1f7603d elementor-widget elementor-widget-text-editor\" data-id=\"1f7603d\" data-element_type=\"widget\" data-e-type=\"widget\" data-widget_type=\"text-editor.default\">\n\t\t\t\t<div class=\"elementor-widget-container\">\n\t\t\t\t\t\t\t\t\t<p><strong>With a stroller or wheelchair<\/strong> you can board <strong>the gondola barrier-free and with full accessibility.<\/strong> The benches inside the gondola can be folded up to give you more space.\n\nWe wish you a joyful time and hope you recharge with <strong>fresh energy up on the mountain!<br \/><\/strong><\/p>\t\t\t\t\t\t\t\t<\/div>\n\t\t\t\t<\/div>\n\t\t\t\t\t<\/div>\n\t\t<\/div>\n\t\t\t\t\t<\/div>\n\t\t<\/section>\n\t\t\t\t<section data-particle_enable=\"false\" data-particle-mobile-disabled=\"false\" class=\"elementor-section elementor-top-section elementor-element elementor-element-7819429 elementor-section-full_width elementor-section-height-default elementor-section-height-default\" data-id=\"7819429\" data-element_type=\"section\" data-e-type=\"section\">\n\t\t\t\t\t\t<div class=\"elementor-container elementor-column-gap-default\">\n\t\t\t<a class=\"eael-wrapper-link-0ea2230 --eael-wrapper-link-tag\" href=\"https:\/\/grebenzen.at\/en\/gondelfruehstueck\/infos-tickets\/\"><\/a>\t\t<div data-eael-wrapper-link=\"eael-wrapper-link-0ea2230\" class=\"elementor-column elementor-col-33 elementor-top-column elementor-element elementor-element-0ea2230\" data-id=\"0ea2230\" data-element_type=\"column\" data-e-type=\"column\" data-settings=\"{&quot;background_background&quot;:&quot;classic&quot;,&quot;motion_fx_motion_fx_mouse&quot;:&quot;yes&quot;}\">\n\t\t\t<div class=\"elementor-widget-wrap elementor-element-populated\">\n\t\t\t\t\t<div class=\"elementor-background-overlay\"><\/div>\n\t\t\t\t\t\t<div class=\"elementor-element elementor-element-b6adaf8 elementor-widget elementor-widget-heading\" data-id=\"b6adaf8\" data-element_type=\"widget\" data-e-type=\"widget\" data-widget_type=\"heading.default\">\n\t\t\t\t<div class=\"elementor-widget-container\">\n\t\t\t\t\t<h3 class=\"elementor-heading-title elementor-size-default\">Mountain cable car information <br>and summer tickets<\/h3>\t\t\t\t<\/div>\n\t\t\t\t<\/div>\n\t\t\t\t<div class=\"elementor-element elementor-element-fb5dc88 elementor-widget elementor-widget-button\" data-id=\"fb5dc88\" data-element_type=\"widget\" data-e-type=\"widget\" data-widget_type=\"button.default\">\n\t\t\t\t<div class=\"elementor-widget-container\">\n\t\t\t\t\t\t\t\t\t<div class=\"elementor-button-wrapper\">\n\t\t\t\t\t<a class=\"elementor-button elementor-button-link elementor-size-sm\" href=\"https:\/\/grebenzen.at\/en\/sommer\/infos-tickets\/\">\n\t\t\t\t\t\t<span class=\"elementor-button-content-wrapper\">\n\t\t\t\t\t\t\t\t\t<span class=\"elementor-button-text\">Learn more<\/span>\n\t\t\t\t\t<\/span>\n\t\t\t\t\t<\/a>\n\t\t\t\t<\/div>\n\t\t\t\t\t\t\t\t<\/div>\n\t\t\t\t<\/div>\n\t\t\t\t\t<\/div>\n\t\t<\/div>\n\t\t<a class=\"eael-wrapper-link-9ebd25a --eael-wrapper-link-tag\" href=\"https:\/\/grebenzen.at\/en\/gondelfruehstueck\/familienhighlights\/\"><\/a>\t\t<div data-eael-wrapper-link=\"eael-wrapper-link-9ebd25a\" class=\"elementor-column elementor-col-33 elementor-top-column elementor-element elementor-element-9ebd25a\" data-id=\"9ebd25a\" data-element_type=\"column\" data-e-type=\"column\" data-settings=\"{&quot;background_background&quot;:&quot;classic&quot;,&quot;motion_fx_motion_fx_mouse&quot;:&quot;yes&quot;}\">\n\t\t\t<div class=\"elementor-widget-wrap elementor-element-populated\">\n\t\t\t\t\t<div class=\"elementor-background-overlay\"><\/div>\n\t\t\t\t\t\t<div class=\"elementor-element elementor-element-1f9bfaf elementor-widget elementor-widget-heading\" data-id=\"1f9bfaf\" data-element_type=\"widget\" data-e-type=\"widget\" data-widget_type=\"heading.default\">\n\t\t\t\t<div class=\"elementor-widget-container\">\n\t\t\t\t\t<h3 class=\"elementor-heading-title elementor-size-default\">Family highlights<br>on the GrebenzenH\u00f6hen<\/h3>\t\t\t\t<\/div>\n\t\t\t\t<\/div>\n\t\t\t\t<div class=\"elementor-element elementor-element-a74e904 elementor-widget elementor-widget-button\" data-id=\"a74e904\" data-element_type=\"widget\" data-e-type=\"widget\" data-widget_type=\"button.default\">\n\t\t\t\t<div class=\"elementor-widget-container\">\n\t\t\t\t\t\t\t\t\t<div class=\"elementor-button-wrapper\">\n\t\t\t\t\t<a class=\"elementor-button elementor-button-link elementor-size-sm\" href=\"https:\/\/grebenzen.at\/en\/sommer\/familienhighlights\/\">\n\t\t\t\t\t\t<span class=\"elementor-button-content-wrapper\">\n\t\t\t\t\t\t\t\t\t<span class=\"elementor-button-text\">Discover here<\/span>\n\t\t\t\t\t<\/span>\n\t\t\t\t\t<\/a>\n\t\t\t\t<\/div>\n\t\t\t\t\t\t\t\t<\/div>\n\t\t\t\t<\/div>\n\t\t\t\t\t<\/div>\n\t\t<\/div>\n\t\t<a class=\"eael-wrapper-link-e8f030a --eael-wrapper-link-tag\" href=\"https:\/\/grebenzen.at\/en\/webcams\/\"><\/a>\t\t<div data-eael-wrapper-link=\"eael-wrapper-link-e8f030a\" class=\"elementor-column elementor-col-33 elementor-top-column elementor-element elementor-element-e8f030a\" data-id=\"e8f030a\" data-element_type=\"column\" data-e-type=\"column\" data-settings=\"{&quot;background_background&quot;:&quot;classic&quot;,&quot;motion_fx_motion_fx_mouse&quot;:&quot;yes&quot;}\">\n\t\t\t<div class=\"elementor-widget-wrap elementor-element-populated\">\n\t\t\t\t\t<div class=\"elementor-background-overlay\"><\/div>\n\t\t\t\t\t\t<div class=\"elementor-element elementor-element-15630ab elementor-widget elementor-widget-heading\" data-id=\"15630ab\" data-element_type=\"widget\" data-e-type=\"widget\" data-widget_type=\"heading.default\">\n\t\t\t\t<div class=\"elementor-widget-container\">\n\t\t\t\t\t<h3 class=\"elementor-heading-title elementor-size-default\">Webcam from GrebenzenH\u00f6hen<\/h3>\t\t\t\t<\/div>\n\t\t\t\t<\/div>\n\t\t\t\t<div class=\"elementor-element elementor-element-e887182 elementor-widget elementor-widget-button\" data-id=\"e887182\" data-element_type=\"widget\" data-e-type=\"widget\" data-widget_type=\"button.default\">\n\t\t\t\t<div class=\"elementor-widget-container\">\n\t\t\t\t\t\t\t\t\t<div class=\"elementor-button-wrapper\">\n\t\t\t\t\t<a class=\"elementor-button elementor-button-link elementor-size-sm\" href=\"https:\/\/grebenzen.at\/en\/webcams\/\">\n\t\t\t\t\t\t<span class=\"elementor-button-content-wrapper\">\n\t\t\t\t\t\t\t\t\t<span class=\"elementor-button-text\">This way<\/span>\n\t\t\t\t\t<\/span>\n\t\t\t\t\t<\/a>\n\t\t\t\t<\/div>\n\t\t\t\t\t\t\t\t<\/div>\n\t\t\t\t<\/div>\n\t\t\t\t\t<\/div>\n\t\t<\/div>\n\t\t\t\t\t<\/div>\n\t\t<\/section>\n\t\t\t\t<section data-particle_enable=\"false\" data-particle-mobile-disabled=\"false\" class=\"elementor-section elementor-top-section elementor-element elementor-element-b04a9f6 elementor-section-stretched elementor-section-height-min-height elementor-section-boxed elementor-section-height-default elementor-section-items-middle\" data-id=\"b04a9f6\" data-element_type=\"section\" data-e-type=\"section\" data-settings=\"{&quot;stretch_section&quot;:&quot;section-stretched&quot;,&quot;background_background&quot;:&quot;classic&quot;}\">\n\t\t\t\t\t\t<div class=\"elementor-container elementor-column-gap-no\">\n\t\t\t\t\t<div class=\"elementor-column elementor-col-100 elementor-top-column elementor-element elementor-element-f980ef9\" data-id=\"f980ef9\" data-element_type=\"column\" data-e-type=\"column\">\n\t\t\t<div class=\"elementor-widget-wrap elementor-element-populated\">\n\t\t\t\t\t\t<div class=\"elementor-element elementor-element-78969e6 elementor-widget elementor-widget-heading\" data-id=\"78969e6\" data-element_type=\"widget\" data-e-type=\"widget\" data-widget_type=\"heading.default\">\n\t\t\t\t<div class=\"elementor-widget-container\">\n\t\t\t\t\t<h1 class=\"elementor-heading-title elementor-size-xxl\">All GrebenzenH\u00f6hen information at a glance<\/h1>\t\t\t\t<\/div>\n\t\t\t\t<\/div>\n\t\t\t\t<div class=\"elementor-element elementor-element-d2ba84a elementor-widget elementor-widget-text-editor\" data-id=\"d2ba84a\" data-element_type=\"widget\" data-e-type=\"widget\" data-widget_type=\"text-editor.default\">\n\t\t\t\t<div class=\"elementor-widget-container\">\n\t\t\t\t\t\t\t\t\t<p>Got questions? Here you'll find the answers \u2013 quickly, clearly, and ready for your GrebenzenH\u00f6hen adventure!<\/p>\t\t\t\t\t\t\t\t<\/div>\n\t\t\t\t<\/div>\n\t\t\t\t<section data-particle_enable=\"false\" data-particle-mobile-disabled=\"false\" class=\"elementor-section elementor-inner-section elementor-element elementor-element-3bfe592 elementor-section-boxed elementor-section-height-default elementor-section-height-default\" data-id=\"3bfe592\" data-element_type=\"section\" data-e-type=\"section\">\n\t\t\t\t\t\t<div class=\"elementor-container elementor-column-gap-default\">\n\t\t\t\t\t<div class=\"elementor-column elementor-col-100 elementor-inner-column elementor-element elementor-element-63b74b1\" data-id=\"63b74b1\" data-element_type=\"column\" data-e-type=\"column\">\n\t\t\t<div class=\"elementor-widget-wrap elementor-element-populated\">\n\t\t\t\t\t\t<div class=\"elementor-element elementor-element-d696211 elementor-align-center elementor-widget elementor-widget-button\" data-id=\"d696211\" data-element_type=\"widget\" data-e-type=\"widget\" data-widget_type=\"button.default\">\n\t\t\t\t<div class=\"elementor-widget-container\">\n\t\t\t\t\t\t\t\t\t<div class=\"elementor-button-wrapper\">\n\t\t\t\t\t<a class=\"elementor-button elementor-button-link elementor-size-sm\" href=\"https:\/\/grebenzen.at\/en\/faqs\/\">\n\t\t\t\t\t\t<span class=\"elementor-button-content-wrapper\">\n\t\t\t\t\t\t\t\t\t<span class=\"elementor-button-text\">to the FAQ<\/span>\n\t\t\t\t\t<\/span>\n\t\t\t\t\t<\/a>\n\t\t\t\t<\/div>\n\t\t\t\t\t\t\t\t<\/div>\n\t\t\t\t<\/div>\n\t\t\t\t\t<\/div>\n\t\t<\/div>\n\t\t\t\t\t<\/div>\n\t\t<\/section>\n\t\t\t\t\t<\/div>\n\t\t<\/div>\n\t\t\t\t\t<\/div>\n\t\t<\/section>\n\t\t\t\t<\/div>","protected":false},"excerpt":{"rendered":"<p>Barrierefreiheit Barrierefreie Panoramabahn in St. Lambrecht Mit Rollstuhl und Kinderwagen auf die GrebenzenH\u00f6hen Wir sind gl\u00fccklich, euch mit der neuen Panoramabahn barrierefrei in die Berge zu bringen! Kinderwagen und Rollst\u00fchle rollen barrierefrei in die Gondelkabine. Oben angekommen, erreicht ihr mit Kinderwagen und Rollstuhl das Grebenzenhaus f\u00fcr eine gem\u00fctliche Einkehr, im Winter, sofern die Piste hart [&hellip;]<\/p>\n","protected":false},"author":1,"featured_media":0,"parent":9072,"menu_order":0,"comment_status":"closed","ping_status":"closed","template":"","meta":{"inline_featured_image":false,"footnotes":""},"class_list":["post-8719","page","type-page","status-publish","hentry"],"publishpress_future_action":{"enabled":false,"date":"2026-04-11 05:47:32","action":"change-status","newStatus":"draft","terms":[],"taxonomy":"","extraData":[]},"publishpress_future_workflow_manual_trigger":{"enabledWorkflows":[]},"_links":{"self":[{"href":"https:\/\/grebenzen.at\/en\/wp-json\/wp\/v2\/pages\/8719","targetHints":{"allow":["GET"]}}],"collection":[{"href":"https:\/\/grebenzen.at\/en\/wp-json\/wp\/v2\/pages"}],"about":[{"href":"https:\/\/grebenzen.at\/en\/wp-json\/wp\/v2\/types\/page"}],"author":[{"embeddable":true,"href":"https:\/\/grebenzen.at\/en\/wp-json\/wp\/v2\/users\/1"}],"replies":[{"embeddable":true,"href":"https:\/\/grebenzen.at\/en\/wp-json\/wp\/v2\/comments?post=8719"}],"version-history":[{"count":13,"href":"https:\/\/grebenzen.at\/en\/wp-json\/wp\/v2\/pages\/8719\/revisions"}],"predecessor-version":[{"id":9433,"href":"https:\/\/grebenzen.at\/en\/wp-json\/wp\/v2\/pages\/8719\/revisions\/9433"}],"up":[{"embeddable":true,"href":"https:\/\/grebenzen.at\/en\/wp-json\/wp\/v2\/pages\/9072"}],"wp:attachment":[{"href":"https:\/\/grebenzen.at\/en\/wp-json\/wp\/v2\/media?parent=8719"}],"curies":[{"name":"wp","href":"https:\/\/api.w.org\/{rel}","templated":true}]}}