{"id":3574,"date":"2021-02-23T12:13:34","date_gmt":"2021-02-23T12:13:34","guid":{"rendered":"https:\/\/dev.mediadome.at\/grebenzen\/?page_id=3574"},"modified":"2023-11-14T11:39:20","modified_gmt":"2023-11-14T11:39:20","slug":"datenschutz","status":"publish","type":"page","link":"https:\/\/grebenzen.at\/en\/datenschutz\/","title":{"rendered":"Privacy Policy"},"content":{"rendered":"<div data-elementor-type=\"wp-page\" data-elementor-id=\"3574\" class=\"elementor elementor-3574\" data-elementor-post-type=\"page\">\n\t\t\t\t\t\t<section data-particle_enable=\"false\" data-particle-mobile-disabled=\"false\" class=\"elementor-section elementor-top-section elementor-element elementor-element-560e529 elementor-section-boxed elementor-section-height-default elementor-section-height-default\" data-id=\"560e529\" data-element_type=\"section\" data-e-type=\"section\">\n\t\t\t\t\t\t<div class=\"elementor-container elementor-column-gap-default\">\n\t\t\t\t\t<div class=\"elementor-column elementor-col-100 elementor-top-column elementor-element elementor-element-15bf4fa\" data-id=\"15bf4fa\" data-element_type=\"column\" data-e-type=\"column\">\n\t\t\t<div class=\"elementor-widget-wrap\">\n\t\t\t\t\t\t\t<\/div>\n\t\t<\/div>\n\t\t\t\t\t<\/div>\n\t\t<\/section>\n\t\t\t\t<section data-particle_enable=\"false\" data-particle-mobile-disabled=\"false\" class=\"elementor-section elementor-top-section elementor-element elementor-element-677962a4 elementor-section-full_width elementor-section-height-default elementor-section-height-default\" data-id=\"677962a4\" data-element_type=\"section\" data-e-type=\"section\">\n\t\t\t\t\t\t<div class=\"elementor-container elementor-column-gap-default\">\n\t\t\t\t\t<div class=\"elementor-column elementor-col-100 elementor-top-column elementor-element elementor-element-36399954\" data-id=\"36399954\" data-element_type=\"column\" data-e-type=\"column\">\n\t\t\t<div class=\"elementor-widget-wrap elementor-element-populated\">\n\t\t\t\t\t\t<div class=\"elementor-element elementor-element-67e8e0fd elementor-widget elementor-widget-heading\" data-id=\"67e8e0fd\" data-element_type=\"widget\" data-e-type=\"widget\" data-widget_type=\"heading.default\">\n\t\t\t\t<div class=\"elementor-widget-container\">\n\t\t\t\t\t<h1 class=\"elementor-heading-title elementor-size-xxl\">Privacy Policy<\/h1>\t\t\t\t<\/div>\n\t\t\t\t<\/div>\n\t\t\t\t<div class=\"elementor-element elementor-element-67afeb62 elementor-view-default elementor-widget elementor-widget-icon\" data-id=\"67afeb62\" data-element_type=\"widget\" data-e-type=\"widget\" data-widget_type=\"icon.default\">\n\t\t\t\t<div class=\"elementor-widget-container\">\n\t\t\t\t\t\t\t<div class=\"elementor-icon-wrapper\">\n\t\t\t<div class=\"elementor-icon\">\n\t\t\t<i aria-hidden=\"true\" class=\"winwood-icon- winwood-icon-title-decor\"><\/i>\t\t\t<\/div>\n\t\t<\/div>\n\t\t\t\t\t\t<\/div>\n\t\t\t\t<\/div>\n\t\t\t\t\t<\/div>\n\t\t<\/div>\n\t\t\t\t\t<\/div>\n\t\t<\/section>\n\t\t\t\t<section data-particle_enable=\"false\" data-particle-mobile-disabled=\"false\" class=\"elementor-section elementor-top-section elementor-element elementor-element-17d4a67 elementor-section-boxed elementor-section-height-default elementor-section-height-default\" data-id=\"17d4a67\" data-element_type=\"section\" data-e-type=\"section\">\n\t\t\t\t\t\t<div class=\"elementor-container elementor-column-gap-default\">\n\t\t\t\t\t<div class=\"elementor-column elementor-col-100 elementor-top-column elementor-element elementor-element-89a084c\" data-id=\"89a084c\" data-element_type=\"column\" data-e-type=\"column\">\n\t\t\t<div class=\"elementor-widget-wrap elementor-element-populated\">\n\t\t\t\t\t\t<div class=\"elementor-element elementor-element-96492e1 elementor-widget elementor-widget-text-editor\" data-id=\"96492e1\" data-element_type=\"widget\" data-e-type=\"widget\" data-widget_type=\"text-editor.default\">\n\t\t\t\t<div class=\"elementor-widget-container\">\n\t\t\t\t\t\t\t\t\t<p>The protection of your privacy in the processing of personal data is important to us. We process your data exclusively on the basis of the legal provisions (GDPR, TKG 2003).<\/p><p>\u00a0<\/p><p><span style=\"color: #00478a;\"><strong>Visit to Our Website<\/strong><\/span><\/p><p><span style=\"color: #00478a;\"><strong>\u00a0<\/strong><\/span><\/p><p>When you visit our website, our web servers temporarily store and process the following data:<\/p><p>IP address of the requesting computer<br \/>Date and time of access<br \/>Name and URL of the retrieved file<br \/>Transferred data volume<br \/>Message about the success of the retrieval (HTTP status code)<br \/>Identification data of the used browser and operating system<br \/>Website from which access is made<br \/>We cannot assign this data to your person. The legal basis for the storage of this data is our legitimate interest, as it serves the system's security (Art 6 Abs 1 lit f GDPR).<\/p><p>The processing of the collected data is for the purpose of enabling the use of the website (establishing a connection), system security, technical administration of the network infrastructure, as well as for the purpose of anonymized, statistical analysis of usage and optimization of our internet offering. In this context, we would like to point out that an evaluation of the IP address only takes place in the event of attacks on our network infrastructure.<\/p><p>Data that has been stored when accessing our online offering will only be transmitted to third parties without your consent if we are legally or by court decision obliged to do so, or if disclosure is necessary in the case of attacks on our internet infrastructure for legal or criminal prosecution. No transmission for other non-commercial or commercial purposes takes place.<\/p><p>\u00a0<\/p><p><span style=\"color: #00478a;\"><strong>Contact with Us<\/strong><\/span><\/p><p><span style=\"color: #00478a;\"><strong>\u00a0<\/strong><\/span><\/p><p>If you contact us via the form on the website or by email, your provided data will be stored with us for the purpose of processing the request and for any follow-up questions. We will not disclose this data to third parties without your consent. The disclosure of this data by the user is expressly on a voluntary basis.<\/p><p>\u00a0<\/p><p><span style=\"color: #00478a;\"><strong>Cookies<\/strong><\/span><\/p><p><span style=\"color: #00478a;\"><strong>\u00a0<\/strong><\/span><\/p><p>This website uses so-called cookies, which are small text files stored on your device by your browser.<br \/>They do not cause any harm. We use cookies to make our offer user-friendly. Some cookies remain stored on your device until you delete them. They enable us to recognize your browser on your next visit. If you do not want this, you can set up your browser to inform you about the setting of cookies and allow this only in individual cases.<br \/>The deactivation of cookies may limit the functionality of our website.<\/p><p>\u00a0<\/p><p><span style=\"color: #00478a;\"><strong>Google Analytics<\/strong><\/span><\/p><p><span style=\"color: #00478a;\"><strong>\u00a0<\/strong><\/span><\/p><p>We use Google Analytics, a web analytics service provided by Google Inc. (\"Google\"). Google uses cookies. The information generated by the cookie about the use of the online offer by users is usually transmitted to a Google server in the USA and stored there. Google will use this information on our behalf to evaluate the use of our online offer by users, to compile reports on activities within this online offer, and to provide us with further services associated with the use of this online offer and internet usage. Pseudonymous user profiles can be created from the processed data.<\/p><p>We use Google Analytics only with activated IP anonymization. This means that the IP address of users will be shortened by Google within member states of the European Union or in other contracting states of the Agreement on the European Economic Area. Only in exceptional cases will the full IP address be transmitted to a Google server in the USA and shortened there.<\/p><p>.<\/p><p>Users can prevent the storage of cookies by adjusting their browser software accordingly; users can also prevent the collection of data generated by the cookie related to their use of the online offer to Google, as well as the processing of this data by Google, by downloading and installing the browser plugin available at the following link:<\/p><p>.<\/p><p>\u00a0<\/p><p><span style=\"color: #00478a;\"><strong>Embedded Social Media Elements Privacy Policy<\/strong><\/span><\/p><p><span style=\"color: #00478a;\"><strong>\u00a0<\/strong><\/span><\/p><p>We integrate elements of social media services on our website to display images, videos, and texts.<br \/>When you visit pages that display these elements, data from your browser is transferred to the respective social media service and stored there. We do not have access to this data.<br \/>The following links will take you to the pages of the respective social media services where it is explained how they handle your data:<\/p><p>Instagram Privacy Policy: https:\/\/help.instagram.com\/519522125107875<br \/>Facebook Data Policy: https:\/\/www.facebook.com\/about\/privacy<\/p><p>Google Privacy Policy (including YouTube): https:\/\/policies.google.com\/privacy?hl=de<\/p><p>\u00a0<\/p><p><span style=\"color: #00478a;\"><strong>\u00a0<\/strong><\/span><\/p><p><span style=\"color: #00478a;\"><strong>Facebook Privacy Policy<\/strong><\/span><\/p><p><span style=\"color: #00478a;\"><strong>\u00a0<\/strong><\/span><\/p><p>We use functions of Facebook, a social media network operated by Facebook Ireland Ltd., 4 Grand Canal Square, Grand Canal Harbour, Dublin 2 Ireland, on this website.<br \/>The functions (social plugins) Facebook provides can be found at https:\/\/developers.facebook.com\/docs\/plugins\/.<br \/>By visiting our website, information may be transmitted to Facebook. If you have a Facebook account, Facebook can assign this data to your personal account. If you do not wish to do so, please log out of Facebook.<br \/>The privacy policy, which information Facebook collects and how they use it, can be found at https:\/\/www.facebook.com\/policy.php.<\/p><p>\u00a0<\/p><p><span style=\"color: #00478a;\"><strong>Facebook Pixel Privacy Policy<\/strong><\/span><\/p><p><span style=\"color: #00478a;\"><strong>\u00a0<\/strong><\/span><\/p><p>We use the Facebook Pixel from Facebook, a social media network operated by Facebook Ireland Ltd., 4 Grand Canal Square, Grand Canal Harbour, Dublin 2 Ireland, on this website.<\/p><p>The code implemented on this page can evaluate the behavior of visitors who have come to this website from a Facebook advertisement. This can be used to improve Facebook advertisements, and this data is collected and stored by Facebook. The collected data is not visible to us but can be used within the scope of advertising placements. The Facebook Pixel code also sets cookies.<\/p><p>By using the Facebook Pixel, your visit to this website is communicated to Facebook, so that visitors on Facebook see suitable advertisements. If you have a Facebook account and are logged in, your visit to this website will be assigned to your Facebook user account.<\/p><p>Information on how Facebook Pixel is used for advertising campaigns can be found at https:\/\/www.facebook.com\/business\/learn\/facebook-ads-pixel.<\/p><p>You can change your settings for advertisements in Facebook at https:\/\/www.facebook.com\/ads\/preferences\/?entry_product=ad_settings_screen if you are logged into Facebook. You can manage your preferences for usage-based online advertising at http:\/\/www.youronlinechoices.com\/de\/praferenzmanagement\/. You can deactivate or activate many providers at once or make settings for individual providers.<\/p><p>More information about Facebook's data policy can be found at https:\/\/www.facebook.com\/policy.php.<\/p><p>\u00a0<\/p><p><span style=\"color: #00478a;\"><strong>Your Rights<\/strong><\/span><\/p><p><span style=\"color: #00478a;\"><strong>\u00a0<\/strong><\/span><\/p><p>Regarding your data stored with us, you generally have the rights to information, correction, deletion, restriction, data portability, revocation, and objection. If you believe that the processing of your data violates data protection laws or if your data protection rights have otherwise been violated, you can file a complaint with us at <a href=\"mailto:info@grebenzen.at\">info@grebenzen.at <\/a>or with the data protection authority.<\/p><p>\u00a0<\/p><p><span style=\"color: #00478a;\"><strong>You can reach us at the following contact details:<\/strong><\/span><\/p><p><span style=\"color: #00478a;\"><strong>\u00a0<\/strong><\/span><\/p><p>Lift GesmbH St. Lambrecht- Grebenzen<\/p><p>Pabstin 4<\/p><p>8813 St.Lambrecht\u00a0<\/p><p><a href=\"mailto:info@grebenzen.at\">info@grebenzen.at<\/a><\/p><p><a href=\"tel:+4335852455\">+43 3585\/2455<\/a><\/p>\t\t\t\t\t\t\t\t<\/div>\n\t\t\t\t<\/div>\n\t\t\t\t\t<\/div>\n\t\t<\/div>\n\t\t\t\t\t<\/div>\n\t\t<\/section>\n\t\t\t\t<\/div>","protected":false},"excerpt":{"rendered":"<p>Datenschutz Der Schutz Ihrer Privatsph\u00e4re bei der Verarbeitung pers\u00f6nlicher Daten ist f\u00fcr uns ein wichtiges Anliegen. Wir verarbeiten Ihre Daten ausschlie\u00dflich auf Grundlage der gesetzlichen Bestimmungen (DSGVO, TKG 2003). \u00a0 Besuch unserer Webseite \u00a0 Wenn Sie unsere Webseite besuchen, speichern und verarbeiten unsere Webserver tempor\u00e4r folgende Daten: IP-Adresse des anfragenden RechnersDatum und Uhrzeit des ZugriffsName [&hellip;]<\/p>\n","protected":false},"author":1,"featured_media":0,"parent":0,"menu_order":0,"comment_status":"closed","ping_status":"closed","template":"template-homepage.php","meta":{"inline_featured_image":false,"footnotes":""},"class_list":["post-3574","page","type-page","status-publish","hentry"],"publishpress_future_action":{"enabled":false,"date":"2026-04-11 02:47:13","action":"change-status","newStatus":"draft","terms":[],"taxonomy":"","extraData":[]},"publishpress_future_workflow_manual_trigger":{"enabledWorkflows":[]},"_links":{"self":[{"href":"https:\/\/grebenzen.at\/en\/wp-json\/wp\/v2\/pages\/3574","targetHints":{"allow":["GET"]}}],"collection":[{"href":"https:\/\/grebenzen.at\/en\/wp-json\/wp\/v2\/pages"}],"about":[{"href":"https:\/\/grebenzen.at\/en\/wp-json\/wp\/v2\/types\/page"}],"author":[{"embeddable":true,"href":"https:\/\/grebenzen.at\/en\/wp-json\/wp\/v2\/users\/1"}],"replies":[{"embeddable":true,"href":"https:\/\/grebenzen.at\/en\/wp-json\/wp\/v2\/comments?post=3574"}],"version-history":[{"count":20,"href":"https:\/\/grebenzen.at\/en\/wp-json\/wp\/v2\/pages\/3574\/revisions"}],"predecessor-version":[{"id":6556,"href":"https:\/\/grebenzen.at\/en\/wp-json\/wp\/v2\/pages\/3574\/revisions\/6556"}],"wp:attachment":[{"href":"https:\/\/grebenzen.at\/en\/wp-json\/wp\/v2\/media?parent=3574"}],"curies":[{"name":"wp","href":"https:\/\/api.w.org\/{rel}","templated":true}]}}